{"id":20,"date":"2026-03-02T05:05:55","date_gmt":"2026-03-02T05:05:55","guid":{"rendered":"https:\/\/capellanesglobal.com\/?page_id=20"},"modified":"2026-03-04T00:09:24","modified_gmt":"2026-03-04T00:09:24","slug":"doctrina","status":"publish","type":"page","link":"https:\/\/capellanesglobal.com\/index.php\/doctrina\/","title":{"rendered":"Doctrina"},"content":{"rendered":"\t\t<div data-elementor-type=\"wp-page\" data-elementor-id=\"20\" class=\"elementor elementor-20\">\n\t\t\t\t<div class=\"elementor-element elementor-element-7ab1e78 e-flex e-con-boxed e-con e-parent\" data-id=\"7ab1e78\" data-element_type=\"container\" data-e-type=\"container\">\n\t\t\t\t\t<div class=\"e-con-inner\">\n\t\t\t\t<div class=\"elementor-element elementor-element-f7b26ea elementor-widget elementor-widget-heading\" data-id=\"f7b26ea\" data-element_type=\"widget\" data-e-type=\"widget\" data-widget_type=\"heading.default\">\n\t\t\t\t\t<h2 class=\"elementor-heading-title elementor-size-default\">\u201cUna doctrina de honor, conciencia y servicio para quienes deciden trascender.\u201d<\/h2>\t\t\t\t<\/div>\n\t\t\t\t\t<\/div>\n\t\t\t\t<\/div>\n\t\t<div class=\"elementor-element elementor-element-51557b0 e-flex e-con-boxed e-con e-parent\" data-id=\"51557b0\" data-element_type=\"container\" data-e-type=\"container\">\n\t\t\t\t\t<div class=\"e-con-inner\">\n\t\t\t\t<div class=\"elementor-element elementor-element-77565d1 elementor-widget elementor-widget-image\" data-id=\"77565d1\" data-element_type=\"widget\" data-e-type=\"widget\" data-widget_type=\"image.default\">\n\t\t\t\t\t\t\t\t\t\t\t\t\t\t\t<img fetchpriority=\"high\" decoding=\"async\" width=\"1536\" height=\"1024\" src=\"https:\/\/capellanesglobal.com\/wp-content\/uploads\/2026\/03\/ChatGPT-Image-Mar-2-2026-03_15_44-PM.png\" class=\"attachment-full size-full wp-image-79\" alt=\"\" srcset=\"https:\/\/capellanesglobal.com\/wp-content\/uploads\/2026\/03\/ChatGPT-Image-Mar-2-2026-03_15_44-PM.png 1536w, https:\/\/capellanesglobal.com\/wp-content\/uploads\/2026\/03\/ChatGPT-Image-Mar-2-2026-03_15_44-PM-300x200.png 300w, https:\/\/capellanesglobal.com\/wp-content\/uploads\/2026\/03\/ChatGPT-Image-Mar-2-2026-03_15_44-PM-1024x683.png 1024w, https:\/\/capellanesglobal.com\/wp-content\/uploads\/2026\/03\/ChatGPT-Image-Mar-2-2026-03_15_44-PM-768x512.png 768w\" sizes=\"(max-width: 1536px) 100vw, 1536px\" \/>\t\t\t\t\t\t\t\t\t\t\t\t\t\t\t<\/div>\n\t\t\t\t\t<\/div>\n\t\t\t\t<\/div>\n\t\t<div class=\"elementor-element elementor-element-0cfff5f e-flex e-con-boxed e-con e-parent\" data-id=\"0cfff5f\" data-element_type=\"container\" data-e-type=\"container\">\n\t\t\t\t\t<div class=\"e-con-inner\">\n\t\t\t\t<div class=\"elementor-element elementor-element-85c5d2b elementor-widget elementor-widget-text-editor\" data-id=\"85c5d2b\" data-element_type=\"widget\" data-e-type=\"widget\" data-widget_type=\"text-editor.default\">\n\t\t\t\t\t\t\t\t\t<h3>Capellanes Global no es una organizaci\u00f3n m\u00e1s.<br data-start=\"707\" data-end=\"710\" \/>Es una filosof\u00eda de vida aplicada al servicio de la sociedad.<\/h3>\t\t\t\t\t\t\t\t<\/div>\n\t\t\t\t\t<\/div>\n\t\t\t\t<\/div>\n\t\t<div class=\"elementor-element elementor-element-828ff6e e-flex e-con-boxed e-con e-parent\" data-id=\"828ff6e\" data-element_type=\"container\" data-e-type=\"container\">\n\t\t\t\t\t<div class=\"e-con-inner\">\n\t\t\t\t<div class=\"elementor-element elementor-element-49a1deb elementor-widget elementor-widget-text-editor\" data-id=\"49a1deb\" data-element_type=\"widget\" data-e-type=\"widget\" data-widget_type=\"text-editor.default\">\n\t\t\t\t\t\t\t\t\t<h3>Personas de libre pensamiento con expansi\u00f3n de conciencia.<\/h3><h4 data-start=\"981\" data-end=\"1025\">\u00bfQU\u00c9 ES LA DOCTRINA CAPELL\u00c1N?<\/h4><h5 data-start=\"1027\" data-end=\"1079\">\ud83d\udee1\ufe0f Una filosof\u00eda institucional de servicio civil<\/h5><p data-start=\"1081\" data-end=\"1104\">Basado en el documento:<\/p><ul data-start=\"1106\" data-end=\"1250\"><li data-start=\"1106\" data-end=\"1142\"><p data-start=\"1108\" data-end=\"1142\">Organizaci\u00f3n formadora y educadora<\/p><\/li><li data-start=\"1143\" data-end=\"1179\"><p data-start=\"1145\" data-end=\"1179\">Sin afinidad pol\u00edtica ni religiosa<\/p><\/li><li data-start=\"1180\" data-end=\"1250\"><p data-start=\"1182\" data-end=\"1250\">Enfoque humanista y social<\/p><\/li><\/ul>\t\t\t\t\t\t\t\t<\/div>\n\t\t\t\t\t<\/div>\n\t\t\t\t<\/div>\n\t\t<div class=\"elementor-element elementor-element-126ec55 e-flex e-con-boxed e-con e-parent\" data-id=\"126ec55\" data-element_type=\"container\" data-e-type=\"container\">\n\t\t\t\t\t<div class=\"e-con-inner\">\n\t\t\t\t<div class=\"elementor-element elementor-element-c7771b8 elementor-widget elementor-widget-text-editor\" data-id=\"c7771b8\" data-element_type=\"widget\" data-e-type=\"widget\" data-widget_type=\"text-editor.default\">\n\t\t\t\t\t\t\t\t\t<h3 data-start=\"1277\" data-end=\"1330\">M\u00e1s que una organizaci\u00f3n, una visi\u00f3n del mundo<\/h3><p data-start=\"1332\" data-end=\"1490\">La doctrina Capell\u00e1n nace para formar ciudadanos capaces de servir con honor, actuar con conciencia y liderar con \u00e9tica en los momentos donde m\u00e1s se necesita.<\/p>\t\t\t\t\t\t\t\t<\/div>\n\t\t\t\t\t<\/div>\n\t\t\t\t<\/div>\n\t\t<div class=\"elementor-element elementor-element-5181b3b e-flex e-con-boxed e-con e-parent\" data-id=\"5181b3b\" data-element_type=\"container\" data-e-type=\"container\">\n\t\t\t\t\t<div class=\"e-con-inner\">\n\t\t\t\t<div class=\"elementor-element elementor-element-4850082 elementor-widget elementor-widget-text-editor\" data-id=\"4850082\" data-element_type=\"widget\" data-e-type=\"widget\" data-widget_type=\"text-editor.default\">\n\t\t\t\t\t\t\t\t\t<h3 data-start=\"1497\" data-end=\"1532\">PROP\u00d3SITO SUPERIOR<\/h3><h4 data-start=\"1534\" data-end=\"1575\">Fortalecer instituciones y sociedad<\/h4><p data-start=\"1577\" data-end=\"1607\">El documento se\u00f1ala que busca:<\/p><ul data-start=\"1609\" data-end=\"1748\"><li data-start=\"1609\" data-end=\"1647\"><p data-start=\"1611\" data-end=\"1647\">Recuperar credibilidad institucional<\/p><\/li><li data-start=\"1648\" data-end=\"1675\"><p data-start=\"1650\" data-end=\"1675\">Apoyo a la sociedad civil<\/p><\/li><li data-start=\"1676\" data-end=\"1748\"><p data-start=\"1678\" data-end=\"1748\">Fortalecer fuerzas del orden<\/p><\/li><\/ul>\t\t\t\t\t\t\t\t<\/div>\n\t\t\t\t\t<\/div>\n\t\t\t\t<\/div>\n\t\t<div class=\"elementor-element elementor-element-6072075 e-flex e-con-boxed e-con e-parent\" data-id=\"6072075\" data-element_type=\"container\" data-e-type=\"container\">\n\t\t\t\t\t<div class=\"e-con-inner\">\n\t\t\t\t<div class=\"elementor-element elementor-element-0a04f27 elementor-widget elementor-widget-text-editor\" data-id=\"0a04f27\" data-element_type=\"widget\" data-e-type=\"widget\" data-widget_type=\"text-editor.default\">\n\t\t\t\t\t\t\t\t\t<h3 data-start=\"1765\" data-end=\"1842\">\ud83d\udee1\ufe0f Cuando la sociedad necesita referentes, surgen los Capellanes Globales<\/h3><p data-start=\"1844\" data-end=\"1941\">Ser Capell\u00e1n es asumir un compromiso con el bienestar colectivo, m\u00e1s all\u00e1 del beneficio personal.<\/p>\t\t\t\t\t\t\t\t<\/div>\n\t\t\t\t\t<\/div>\n\t\t\t\t<\/div>\n\t\t<div class=\"elementor-element elementor-element-d5a49fe e-flex e-con-boxed e-con e-parent\" data-id=\"d5a49fe\" data-element_type=\"container\" data-e-type=\"container\">\n\t\t\t\t\t<div class=\"e-con-inner\">\n\t\t\t\t<div class=\"elementor-element elementor-element-aae83a5 elementor-widget elementor-widget-text-editor\" data-id=\"aae83a5\" data-element_type=\"widget\" data-e-type=\"widget\" data-widget_type=\"text-editor.default\">\n\t\t\t\t\t\t\t\t\t<h3 data-start=\"1948\" data-end=\"1989\">PRINCIPIOS FUNDAMENTALES<\/h3><h4 data-start=\"1991\" data-end=\"2017\">\ud83d\udcdc Ideario del Capell\u00e1n<\/h4><p data-start=\"2019\" data-end=\"2122\">45 principios que constituyen la base moral de la organizaci\u00f3n. <button class=\"ms-1 flex h-[25px] text-[10px] leading-[13px] rounded-xl corner-superellipse\/1.1 items-center justify-center gap-1 px-2 relative text-token-text-secondary! hover:text-token-text-primary! hover:bg-token-bg-secondary dark:bg-token-main-surface-secondary dark:hover:bg-token-bg-secondary bg-[#f4f4f4] \"><\/button><\/p><p class=\"not-prose mt-0! mb-0! flex-auto truncate\">1.- IDEOLOGIA DE LA DOCTRINA CAPELLANA<\/p><hr data-start=\"2124\" data-end=\"2127\" \/><h4 data-start=\"2129\" data-end=\"2171\">Por destacar algunos:<\/h4><ul data-start=\"2173\" data-end=\"2311\"><li data-start=\"2173\" data-end=\"2219\"><p data-start=\"2175\" data-end=\"2219\">Valer por lo que haces, no por lo que tienes<\/p><\/li><li data-start=\"2220\" data-end=\"2257\"><p data-start=\"2222\" data-end=\"2257\">Servir a la patria y a la comunidad<\/p><\/li><li data-start=\"2258\" data-end=\"2286\"><p data-start=\"2260\" data-end=\"2286\">Buscar justicia y dignidad<\/p><\/li><li data-start=\"2287\" data-end=\"2311\"><p data-start=\"2289\" data-end=\"2311\">Liderar con humildad<\/p><\/li><\/ul>\t\t\t\t\t\t\t\t<\/div>\n\t\t\t\t\t<\/div>\n\t\t\t\t<\/div>\n\t\t<div class=\"elementor-element elementor-element-6aef7b2 e-flex e-con-boxed e-con e-parent\" data-id=\"6aef7b2\" data-element_type=\"container\" data-e-type=\"container\">\n\t\t\t\t\t<div class=\"e-con-inner\">\n\t\t\t\t<div class=\"elementor-element elementor-element-c225d00 elementor-widget elementor-widget-text-editor\" data-id=\"c225d00\" data-element_type=\"widget\" data-e-type=\"widget\" data-widget_type=\"text-editor.default\">\n\t\t\t\t\t\t\t\t\t<h4 data-start=\"2328\" data-end=\"2370\">\u2696\ufe0f Liderazgo con valores, no con poder<\/h4><p data-start=\"2372\" data-end=\"2445\">La doctrina forma individuos que influyen por ejemplo, no por imposici\u00f3n.<\/p>\t\t\t\t\t\t\t\t<\/div>\n\t\t\t\t\t<\/div>\n\t\t\t\t<\/div>\n\t\t<div class=\"elementor-element elementor-element-a5e89e5 e-flex e-con-boxed e-con e-parent\" data-id=\"a5e89e5\" data-element_type=\"container\" data-e-type=\"container\">\n\t\t\t\t\t<div class=\"e-con-inner\">\n\t\t\t\t<div class=\"elementor-element elementor-element-ae0246c elementor-widget elementor-widget-text-editor\" data-id=\"ae0246c\" data-element_type=\"widget\" data-e-type=\"widget\" data-widget_type=\"text-editor.default\">\n\t\t\t\t\t\t\t\t\t<h3 data-start=\"2452\" data-end=\"2485\">C\u00d3DIGO DE HONOR<\/h3><h4 data-start=\"2487\" data-end=\"2515\">\ud83d\udee1\ufe0f Dec\u00e1logo del Capell\u00e1n<\/h4><p data-start=\"2517\" data-end=\"2525\">Incluye:<\/p><ul data-start=\"2527\" data-end=\"2628\"><li data-start=\"2527\" data-end=\"2536\"><p data-start=\"2529\" data-end=\"2536\">Respeto<\/p><\/li><li data-start=\"2537\" data-end=\"2556\"><p data-start=\"2539\" data-end=\"2556\">No discriminaci\u00f3n<\/p><\/li><li data-start=\"2557\" data-end=\"2564\"><p data-start=\"2559\" data-end=\"2564\">\u00c9tica<\/p><\/li><li data-start=\"2565\" data-end=\"2628\"><p data-start=\"2567\" data-end=\"2628\">Excelencia personal<\/p><\/li><\/ul>\t\t\t\t\t\t\t\t<\/div>\n\t\t\t\t\t<\/div>\n\t\t\t\t<\/div>\n\t\t<div class=\"elementor-element elementor-element-d5038c7 e-flex e-con-boxed e-con e-parent\" data-id=\"d5038c7\" data-element_type=\"container\" data-e-type=\"container\">\n\t\t\t\t\t<div class=\"e-con-inner\">\n\t\t\t\t<div class=\"elementor-element elementor-element-118b90f elementor-widget elementor-widget-text-editor\" data-id=\"118b90f\" data-element_type=\"widget\" data-e-type=\"widget\" data-widget_type=\"text-editor.default\">\n\t\t\t\t\t\t\t\t\t<h3 data-start=\"2645\" data-end=\"2703\">\ud83d\udee1\ufe0f Disciplina moral para un mundo que exige referentes<\/h3>\t\t\t\t\t\t\t\t<\/div>\n\t\t\t\t\t<\/div>\n\t\t\t\t<\/div>\n\t\t<div class=\"elementor-element elementor-element-0bd7378 e-flex e-con-boxed e-con e-parent\" data-id=\"0bd7378\" data-element_type=\"container\" data-e-type=\"container\">\n\t\t\t\t\t<div class=\"e-con-inner\">\n\t\t\t\t<div class=\"elementor-element elementor-element-397afa7 elementor-widget elementor-widget-text-editor\" data-id=\"397afa7\" data-element_type=\"widget\" data-e-type=\"widget\" data-widget_type=\"text-editor.default\">\n\t\t\t\t\t\t\t\t\t<h3 data-start=\"2710\" data-end=\"2740\">VISI\u00d3N GLOBAL<\/h3><h4 data-start=\"2742\" data-end=\"2781\">Una red internacional de servicio<\/h4><p data-start=\"2783\" data-end=\"2794\">Dirigida a:<\/p><ul data-start=\"2796\" data-end=\"2890\"><li data-start=\"2796\" data-end=\"2806\"><p data-start=\"2798\" data-end=\"2806\">Polic\u00edas<\/p><\/li><li data-start=\"2807\" data-end=\"2817\"><p data-start=\"2809\" data-end=\"2817\">Bomberos<\/p><\/li><li data-start=\"2818\" data-end=\"2831\"><p data-start=\"2820\" data-end=\"2831\">Rescatistas<\/p><\/li><li data-start=\"2832\" data-end=\"2890\"><p data-start=\"2834\" data-end=\"2890\">Sociedad civil<\/p><\/li><\/ul>\t\t\t\t\t\t\t\t<\/div>\n\t\t\t\t\t<\/div>\n\t\t\t\t<\/div>\n\t\t<div class=\"elementor-element elementor-element-a82ce37 e-flex e-con-boxed e-con e-parent\" data-id=\"a82ce37\" data-element_type=\"container\" data-e-type=\"container\">\n\t\t\t\t\t<div class=\"e-con-inner\">\n\t\t\t\t<div class=\"elementor-element elementor-element-c8f4849 elementor-widget elementor-widget-text-editor\" data-id=\"c8f4849\" data-element_type=\"widget\" data-e-type=\"widget\" data-widget_type=\"text-editor.default\">\n\t\t\t\t\t\t\t\t\t<p>\ud83c\udf0d Donde hay necesidad, hay un Capell\u00e1n Global<\/p>\t\t\t\t\t\t\t\t<\/div>\n\t\t\t\t\t<\/div>\n\t\t\t\t<\/div>\n\t\t<div class=\"elementor-element elementor-element-1434b93 e-flex e-con-boxed e-con e-parent\" data-id=\"1434b93\" data-element_type=\"container\" data-e-type=\"container\">\n\t\t\t\t\t<div class=\"e-con-inner\">\n\t\t\t\t<div class=\"elementor-element elementor-element-34914f7 elementor-widget elementor-widget-text-editor\" data-id=\"34914f7\" data-element_type=\"widget\" data-e-type=\"widget\" data-widget_type=\"text-editor.default\">\n\t\t\t\t\t\t\t\t\t<h3 data-start=\"2964\" data-end=\"3006\">ESCALAF\u00d3N DE CRECIMIENTO<\/h3><h4 data-start=\"3008\" data-end=\"3060\">\ud83c\udf96\ufe0f Camino de evoluci\u00f3n dentro de la organizaci\u00f3n<\/h4><p data-start=\"3062\" data-end=\"3070\">Niveles:<\/p><ul data-start=\"3072\" data-end=\"3154\"><li data-start=\"3072\" data-end=\"3082\"><p data-start=\"3074\" data-end=\"3082\">Afiliado<\/p><\/li><li data-start=\"3083\" data-end=\"3093\"><p data-start=\"3085\" data-end=\"3093\">Camarada<\/p><\/li><li data-start=\"3094\" data-end=\"3104\"><p data-start=\"3096\" data-end=\"3104\">Veterano<\/p><\/li><li data-start=\"3105\" data-end=\"3154\"><p data-start=\"3107\" data-end=\"3154\">Experto <button class=\"ms-1 flex h-[25px] text-[10px] leading-[13px] rounded-xl corner-superellipse\/1.1 items-center justify-center gap-1 px-2 relative text-token-text-secondary! hover:text-token-text-primary! hover:bg-token-bg-secondary dark:bg-token-main-surface-secondary dark:hover:bg-token-bg-secondary bg-[#f4f4f4] \"><\/button><\/p><p class=\"not-prose mt-0! mb-0! flex-auto truncate\">1.- IDEOLOGIA DE LA DOCTRINA C\u2026<\/p><\/li><\/ul>\t\t\t\t\t\t\t\t<\/div>\n\t\t\t\t\t<\/div>\n\t\t\t\t<\/div>\n\t\t<div class=\"elementor-element elementor-element-1851139 e-flex e-con-boxed e-con e-parent\" data-id=\"1851139\" data-element_type=\"container\" data-e-type=\"container\">\n\t\t\t\t\t<div class=\"e-con-inner\">\n\t\t\t\t<div class=\"elementor-element elementor-element-0206661 elementor-widget elementor-widget-text-editor\" data-id=\"0206661\" data-element_type=\"widget\" data-e-type=\"widget\" data-widget_type=\"text-editor.default\">\n\t\t\t\t\t\t\t\t\t<h3 data-start=\"3182\" data-end=\"3212\">\ud83d\udee1\ufe0f No entras a un grupo.<\/h3><p data-start=\"3213\" data-end=\"3251\">Entras a un proceso de transformaci\u00f3n.<\/p>\t\t\t\t\t\t\t\t<\/div>\n\t\t\t\t\t<\/div>\n\t\t\t\t<\/div>\n\t\t<div class=\"elementor-element elementor-element-da418b0 e-flex e-con-boxed e-con e-parent\" data-id=\"da418b0\" data-element_type=\"container\" data-e-type=\"container\">\n\t\t\t\t\t<div class=\"e-con-inner\">\n\t\t\t\t<div class=\"elementor-element elementor-element-2367d65 elementor-widget elementor-widget-text-editor\" data-id=\"2367d65\" data-element_type=\"widget\" data-e-type=\"widget\" data-widget_type=\"text-editor.default\">\n\t\t\t\t\t\t\t\t\t<h3 data-start=\"3258\" data-end=\"3285\">EL LLAMADO<\/h3><h4>\ud83d\udee1\ufe0f Si sientes que puedes hacer m\u00e1s por la sociedad\u2026<\/h4><p data-start=\"3397\" data-end=\"3414\">Este es tu lugar.<\/p>\t\t\t\t\t\t\t\t<\/div>\n\t\t\t\t\t<\/div>\n\t\t\t\t<\/div>\n\t\t<div class=\"elementor-element elementor-element-861fa8f e-flex e-con-boxed e-con e-parent\" data-id=\"861fa8f\" data-element_type=\"container\" data-e-type=\"container\">\n\t\t\t\t\t<div class=\"e-con-inner\">\n\t\t<div class=\"elementor-element elementor-element-72d3efd e-con-full e-flex e-con e-child\" data-id=\"72d3efd\" data-element_type=\"container\" data-e-type=\"container\">\n\t\t\t\t<div class=\"elementor-element elementor-element-21fd23a elementor-widget elementor-widget-image\" data-id=\"21fd23a\" data-element_type=\"widget\" data-e-type=\"widget\" data-widget_type=\"image.default\">\n\t\t\t\t\t\t\t\t\t\t\t\t\t\t\t<img decoding=\"async\" width=\"1024\" height=\"701\" src=\"https:\/\/capellanesglobal.com\/wp-content\/uploads\/2026\/03\/freepik__ceremonia-de-reconocimiento-a-policas-uniformados-__69994-1024x701.png\" class=\"attachment-large size-large wp-image-77\" alt=\"\" srcset=\"https:\/\/capellanesglobal.com\/wp-content\/uploads\/2026\/03\/freepik__ceremonia-de-reconocimiento-a-policas-uniformados-__69994-1024x701.png 1024w, https:\/\/capellanesglobal.com\/wp-content\/uploads\/2026\/03\/freepik__ceremonia-de-reconocimiento-a-policas-uniformados-__69994-300x205.png 300w, https:\/\/capellanesglobal.com\/wp-content\/uploads\/2026\/03\/freepik__ceremonia-de-reconocimiento-a-policas-uniformados-__69994-768x525.png 768w, https:\/\/capellanesglobal.com\/wp-content\/uploads\/2026\/03\/freepik__ceremonia-de-reconocimiento-a-policas-uniformados-__69994-1536x1051.png 1536w, https:\/\/capellanesglobal.com\/wp-content\/uploads\/2026\/03\/freepik__ceremonia-de-reconocimiento-a-policas-uniformados-__69994-2048x1401.png 2048w\" sizes=\"(max-width: 1024px) 100vw, 1024px\" \/>\t\t\t\t\t\t\t\t\t\t\t\t\t\t\t<\/div>\n\t\t\t\t<\/div>\n\t\t<div class=\"elementor-element elementor-element-8a76dcd e-con-full e-flex e-con e-child\" data-id=\"8a76dcd\" data-element_type=\"container\" data-e-type=\"container\">\n\t\t<div class=\"elementor-element elementor-element-cf2e8e6 e-con-full e-flex e-con e-child\" data-id=\"cf2e8e6\" data-element_type=\"container\" data-e-type=\"container\">\n\t\t\t\t<div class=\"elementor-element elementor-element-818d1e2 elementor-widget elementor-widget-text-editor\" data-id=\"818d1e2\" data-element_type=\"widget\" data-e-type=\"widget\" data-widget_type=\"text-editor.default\">\n\t\t\t\t\t\t\t\t\t<h3>AF\u00cdLIATE A CAPELLANES GLOBAL<\/h3><div><h4 data-start=\"3509\" data-end=\"3533\">\ud83d\udee1\ufe0f Capellanes Global<\/h4><p data-start=\"3535\" data-end=\"3597\">Una doctrina para quienes eligen servir, liderar y trascender.<\/p><\/div><div>\u00a0<\/div>\t\t\t\t\t\t\t\t<\/div>\n\t\t\t\t<\/div>\n\t\t<div class=\"elementor-element elementor-element-74f1a25 e-con-full e-flex e-con e-child\" data-id=\"74f1a25\" data-element_type=\"container\" data-e-type=\"container\">\n\t\t\t\t<div class=\"elementor-element elementor-element-fe06bab elementor-align-center elementor-widget elementor-widget-button\" data-id=\"fe06bab\" data-element_type=\"widget\" data-e-type=\"widget\" data-widget_type=\"button.default\">\n\t\t\t\t\t\t\t\t\t\t<a class=\"elementor-button elementor-button-link elementor-size-sm\" href=\"#\">\n\t\t\t\t\t\t<span class=\"elementor-button-content-wrapper\">\n\t\t\t\t\t\t\t\t\t<span class=\"elementor-button-text\">Click here<\/span>\n\t\t\t\t\t<\/span>\n\t\t\t\t\t<\/a>\n\t\t\t\t\t\t\t\t<\/div>\n\t\t\t\t<\/div>\n\t\t\t\t<\/div>\n\t\t\t\t\t<\/div>\n\t\t\t\t<\/div>\n\t\t<div class=\"elementor-element elementor-element-f58b76e e-flex e-con-boxed e-con e-parent\" data-id=\"f58b76e\" data-element_type=\"container\" data-e-type=\"container\">\n\t\t\t\t\t<div class=\"e-con-inner\">\n\t\t\t\t<div class=\"elementor-element elementor-element-a410ceb elementor-widget elementor-widget-text-editor\" data-id=\"a410ceb\" data-element_type=\"widget\" data-e-type=\"widget\" data-widget_type=\"text-editor.default\">\n\t\t\t\t\t\t\t\t\t<h3 data-start=\"4041\" data-end=\"4077\">\ud83d\udee1\ufe0f \u201cLa doctrina no se aprende.<\/h3><p data-start=\"4078\" data-end=\"4087\">Se vive.\u201d<\/p>\t\t\t\t\t\t\t\t<\/div>\n\t\t\t\t\t<\/div>\n\t\t\t\t<\/div>\n\t\t\t\t<\/div>\n\t\t","protected":false},"excerpt":{"rendered":"<p>\u201cUna doctrina de honor, conciencia y servicio para quienes deciden trascender.\u201d Capellanes Global no es una organizaci\u00f3n m\u00e1s.Es una filosof\u00eda de vida aplicada al servicio de la sociedad. Personas de libre pensamiento con expansi\u00f3n de conciencia. \u00bfQU\u00c9 ES LA DOCTRINA CAPELL\u00c1N? \ud83d\udee1\ufe0f Una filosof\u00eda institucional de servicio civil Basado en el documento: Organizaci\u00f3n formadora y [&hellip;]<\/p>\n","protected":false},"author":1,"featured_media":0,"parent":0,"menu_order":0,"comment_status":"closed","ping_status":"closed","template":"","meta":{"footnotes":""},"class_list":["post-20","page","type-page","status-publish","hentry"],"_links":{"self":[{"href":"https:\/\/capellanesglobal.com\/index.php\/wp-json\/wp\/v2\/pages\/20","targetHints":{"allow":["GET"]}}],"collection":[{"href":"https:\/\/capellanesglobal.com\/index.php\/wp-json\/wp\/v2\/pages"}],"about":[{"href":"https:\/\/capellanesglobal.com\/index.php\/wp-json\/wp\/v2\/types\/page"}],"author":[{"embeddable":true,"href":"https:\/\/capellanesglobal.com\/index.php\/wp-json\/wp\/v2\/users\/1"}],"replies":[{"embeddable":true,"href":"https:\/\/capellanesglobal.com\/index.php\/wp-json\/wp\/v2\/comments?post=20"}],"version-history":[{"count":22,"href":"https:\/\/capellanesglobal.com\/index.php\/wp-json\/wp\/v2\/pages\/20\/revisions"}],"predecessor-version":[{"id":202,"href":"https:\/\/capellanesglobal.com\/index.php\/wp-json\/wp\/v2\/pages\/20\/revisions\/202"}],"wp:attachment":[{"href":"https:\/\/capellanesglobal.com\/index.php\/wp-json\/wp\/v2\/media?parent=20"}],"curies":[{"name":"wp","href":"https:\/\/api.w.org\/{rel}","templated":true}]}}