{"id":24,"date":"2026-03-02T05:06:26","date_gmt":"2026-03-02T05:06:26","guid":{"rendered":"https:\/\/capellanesglobal.com\/?page_id=24"},"modified":"2026-03-03T23:19:03","modified_gmt":"2026-03-03T23:19:03","slug":"academia","status":"publish","type":"page","link":"https:\/\/capellanesglobal.com\/index.php\/academia\/","title":{"rendered":"Academia"},"content":{"rendered":"\t\t<div data-elementor-type=\"wp-page\" data-elementor-id=\"24\" class=\"elementor elementor-24\">\n\t\t\t\t<div class=\"elementor-element elementor-element-cdff4b1 e-flex e-con-boxed e-con e-parent\" data-id=\"cdff4b1\" data-element_type=\"container\" data-e-type=\"container\">\n\t\t\t\t\t<div class=\"e-con-inner\">\n\t\t\t\t<div class=\"elementor-element elementor-element-55e54de elementor-widget elementor-widget-text-editor\" data-id=\"55e54de\" data-element_type=\"widget\" data-e-type=\"widget\" data-widget_type=\"text-editor.default\">\n\t\t\t\t\t\t\t\t\t<h2>Formaci\u00f3n para quienes deciden liderar<\/h2>\t\t\t\t\t\t\t\t<\/div>\n\t\t\t\t\t<\/div>\n\t\t\t\t<\/div>\n\t\t<div class=\"elementor-element elementor-element-e4cdf3b e-flex e-con-boxed e-con e-parent\" data-id=\"e4cdf3b\" data-element_type=\"container\" data-e-type=\"container\">\n\t\t\t\t\t<div class=\"e-con-inner\">\n\t\t\t\t<div class=\"elementor-element elementor-element-a702110 elementor-widget elementor-widget-image\" data-id=\"a702110\" data-element_type=\"widget\" data-e-type=\"widget\" data-widget_type=\"image.default\">\n\t\t\t\t\t\t\t\t\t\t\t\t\t\t\t<img fetchpriority=\"high\" decoding=\"async\" width=\"1536\" height=\"1024\" src=\"https:\/\/capellanesglobal.com\/wp-content\/uploads\/2026\/03\/ChatGPT-Image-Mar-2-2026-06_07_56-PM.png\" class=\"attachment-full size-full wp-image-136\" alt=\"\" srcset=\"https:\/\/capellanesglobal.com\/wp-content\/uploads\/2026\/03\/ChatGPT-Image-Mar-2-2026-06_07_56-PM.png 1536w, https:\/\/capellanesglobal.com\/wp-content\/uploads\/2026\/03\/ChatGPT-Image-Mar-2-2026-06_07_56-PM-300x200.png 300w, https:\/\/capellanesglobal.com\/wp-content\/uploads\/2026\/03\/ChatGPT-Image-Mar-2-2026-06_07_56-PM-1024x683.png 1024w, https:\/\/capellanesglobal.com\/wp-content\/uploads\/2026\/03\/ChatGPT-Image-Mar-2-2026-06_07_56-PM-768x512.png 768w\" sizes=\"(max-width: 1536px) 100vw, 1536px\" \/>\t\t\t\t\t\t\t\t\t\t\t\t\t\t\t<\/div>\n\t\t\t\t\t<\/div>\n\t\t\t\t<\/div>\n\t\t<div class=\"elementor-element elementor-element-8e5cbdd e-flex e-con-boxed e-con e-parent\" data-id=\"8e5cbdd\" data-element_type=\"container\" data-e-type=\"container\">\n\t\t\t\t\t<div class=\"e-con-inner\">\n\t\t\t\t<div class=\"elementor-element elementor-element-6cbcbc4 elementor-widget elementor-widget-text-editor\" data-id=\"6cbcbc4\" data-element_type=\"widget\" data-e-type=\"widget\" data-widget_type=\"text-editor.default\">\n\t\t\t\t\t\t\t\t\t<h3 data-start=\"554\" data-end=\"568\"><img decoding=\"async\" class=\"emoji\" role=\"img\" draggable=\"false\" src=\"https:\/\/s.w.org\/images\/core\/emoji\/17.0.2\/svg\/1f6e1.svg\" alt=\"\ud83d\udee1\ufe0f\" \/>\u00a0el liderazgo no se improvisa.<\/h3>\t\t\t\t\t\t\t\t<\/div>\n\t\t\t\t\t<\/div>\n\t\t\t\t<\/div>\n\t\t<div class=\"elementor-element elementor-element-3c74fca e-flex e-con-boxed e-con e-parent\" data-id=\"3c74fca\" data-element_type=\"container\" data-e-type=\"container\">\n\t\t\t\t\t<div class=\"e-con-inner\">\n\t\t\t\t<div class=\"elementor-element elementor-element-36d62ed elementor-widget elementor-widget-text-editor\" data-id=\"36d62ed\" data-element_type=\"widget\" data-e-type=\"widget\" data-widget_type=\"text-editor.default\">\n\t\t\t\t\t\t\t\t\t<h3>La Academia Capellanes Global es el centro de formaci\u00f3n estrat\u00e9gica para profesionales del servicio, la seguridad y el liderazgo institucional.<\/h3>\t\t\t\t\t\t\t\t<\/div>\n\t\t\t\t\t<\/div>\n\t\t\t\t<\/div>\n\t\t<div class=\"elementor-element elementor-element-db6e147 e-flex e-con-boxed e-con e-parent\" data-id=\"db6e147\" data-element_type=\"container\" data-e-type=\"container\">\n\t\t\t\t\t<div class=\"e-con-inner\">\n\t\t<div class=\"elementor-element elementor-element-cff3052 e-con-full e-flex e-con e-child\" data-id=\"cff3052\" data-element_type=\"container\" data-e-type=\"container\">\n\t\t\t\t<div class=\"elementor-element elementor-element-74a5844 elementor-widget elementor-widget-text-editor\" data-id=\"74a5844\" data-element_type=\"widget\" data-e-type=\"widget\" data-widget_type=\"text-editor.default\">\n\t\t\t\t\t\t\t\t\t<h3>ACCEDER A LA ACADEMIA.<\/h3>\t\t\t\t\t\t\t\t<\/div>\n\t\t\t\t<\/div>\n\t\t<div class=\"elementor-element elementor-element-cb881b9 e-con-full e-flex e-con e-child\" data-id=\"cb881b9\" data-element_type=\"container\" data-e-type=\"container\">\n\t\t\t\t<div class=\"elementor-element elementor-element-621fdc9 elementor-align-center elementor-widget elementor-widget-button\" data-id=\"621fdc9\" data-element_type=\"widget\" data-e-type=\"widget\" data-widget_type=\"button.default\">\n\t\t\t\t\t\t\t\t\t\t<a class=\"elementor-button elementor-button-link elementor-size-sm\" href=\"#\">\n\t\t\t\t\t\t<span class=\"elementor-button-content-wrapper\">\n\t\t\t\t\t\t\t\t\t<span class=\"elementor-button-text\">Click here<\/span>\n\t\t\t\t\t<\/span>\n\t\t\t\t\t<\/a>\n\t\t\t\t\t\t\t\t<\/div>\n\t\t\t\t<\/div>\n\t\t\t\t\t<\/div>\n\t\t\t\t<\/div>\n\t\t<div class=\"elementor-element elementor-element-f4ed895 e-flex e-con-boxed e-con e-parent\" data-id=\"f4ed895\" data-element_type=\"container\" data-e-type=\"container\">\n\t\t\t\t\t<div class=\"e-con-inner\">\n\t\t\t\t<div class=\"elementor-element elementor-element-f652d45 elementor-widget elementor-widget-text-editor\" data-id=\"f652d45\" data-element_type=\"widget\" data-e-type=\"widget\" data-widget_type=\"text-editor.default\">\n\t\t\t\t\t\t\t\t\t<h3 data-start=\"857\" data-end=\"894\">\u00bfQU\u00c9 ES LA ACADEMIA?<\/h3><p data-start=\"896\" data-end=\"948\">La doctrina establece formaci\u00f3n en \u00e1reas clave como:<\/p><ul data-start=\"950\" data-end=\"1128\"><li data-start=\"950\" data-end=\"971\"><p data-start=\"952\" data-end=\"971\">Seguridad p\u00fablica<\/p><\/li><li data-start=\"972\" data-end=\"992\"><p data-start=\"974\" data-end=\"992\">Derechos humanos<\/p><\/li><li data-start=\"993\" data-end=\"1014\"><p data-start=\"995\" data-end=\"1014\">Liderazgo y mando<\/p><\/li><li data-start=\"1015\" data-end=\"1033\"><p data-start=\"1017\" data-end=\"1033\">Criminal\u00edstica<\/p><\/li><li data-start=\"1034\" data-end=\"1071\"><p data-start=\"1036\" data-end=\"1071\">Inteligencia y contrainteligencia<\/p><\/li><li data-start=\"1072\" data-end=\"1128\"><p data-start=\"1074\" data-end=\"1128\">Ciberseguridad<\/p><\/li><\/ul>\t\t\t\t\t\t\t\t<\/div>\n\t\t\t\t\t<\/div>\n\t\t\t\t<\/div>\n\t\t<div class=\"elementor-element elementor-element-6e34992 e-flex e-con-boxed e-con e-parent\" data-id=\"6e34992\" data-element_type=\"container\" data-e-type=\"container\">\n\t\t\t\t\t<div class=\"e-con-inner\">\n\t\t<div class=\"elementor-element elementor-element-7c3039c e-con-full e-flex e-con e-child\" data-id=\"7c3039c\" data-element_type=\"container\" data-e-type=\"container\">\n\t\t\t\t<div class=\"elementor-element elementor-element-a9781a1 elementor-widget elementor-widget-text-editor\" data-id=\"a9781a1\" data-element_type=\"widget\" data-e-type=\"widget\" data-widget_type=\"text-editor.default\">\n\t\t\t\t\t\t\t\t\t<h3 data-start=\"1154\" data-end=\"1248\">La Academia no es un complemento.<br data-start=\"1187\" data-end=\"1190\" \/>Es el coraz\u00f3n del crecimiento dentro de Capellanes Global.<\/h3><p data-start=\"1250\" data-end=\"1345\">Aqu\u00ed se construyen las capacidades que distinguen a un miembro com\u00fan de un l\u00edder institucional.<\/p>\t\t\t\t\t\t\t\t<\/div>\n\t\t\t\t<\/div>\n\t\t<div class=\"elementor-element elementor-element-df64305 e-con-full e-flex e-con e-child\" data-id=\"df64305\" data-element_type=\"container\" data-e-type=\"container\">\n\t\t\t\t<div class=\"elementor-element elementor-element-064fa19 elementor-widget elementor-widget-image\" data-id=\"064fa19\" data-element_type=\"widget\" data-e-type=\"widget\" data-widget_type=\"image.default\">\n\t\t\t\t\t\t\t\t\t\t\t\t\t\t\t<img decoding=\"async\" width=\"1024\" height=\"683\" src=\"https:\/\/capellanesglobal.com\/wp-content\/uploads\/2026\/03\/freepik__ceremonia-de-reconocimiento-a-policas-uniformados-__70014-1024x683.png\" class=\"attachment-large size-large wp-image-137\" alt=\"\" srcset=\"https:\/\/capellanesglobal.com\/wp-content\/uploads\/2026\/03\/freepik__ceremonia-de-reconocimiento-a-policas-uniformados-__70014-1024x683.png 1024w, https:\/\/capellanesglobal.com\/wp-content\/uploads\/2026\/03\/freepik__ceremonia-de-reconocimiento-a-policas-uniformados-__70014-300x200.png 300w, https:\/\/capellanesglobal.com\/wp-content\/uploads\/2026\/03\/freepik__ceremonia-de-reconocimiento-a-policas-uniformados-__70014-768x512.png 768w, https:\/\/capellanesglobal.com\/wp-content\/uploads\/2026\/03\/freepik__ceremonia-de-reconocimiento-a-policas-uniformados-__70014.png 1248w\" sizes=\"(max-width: 1024px) 100vw, 1024px\" \/>\t\t\t\t\t\t\t\t\t\t\t\t\t\t\t<\/div>\n\t\t\t\t<\/div>\n\t\t\t\t\t<\/div>\n\t\t\t\t<\/div>\n\t\t<div class=\"elementor-element elementor-element-a97db6b e-flex e-con-boxed e-con e-parent\" data-id=\"a97db6b\" data-element_type=\"container\" data-e-type=\"container\">\n\t\t\t\t\t<div class=\"e-con-inner\">\n\t\t\t\t<div class=\"elementor-element elementor-element-7dd6607 elementor-widget elementor-widget-text-editor\" data-id=\"7dd6607\" data-element_type=\"widget\" data-e-type=\"widget\" data-widget_type=\"text-editor.default\">\n\t\t\t\t\t\t\t\t\t<h3 data-start=\"1154\" data-end=\"1248\">La Academia no es un complemento.<br data-start=\"1187\" data-end=\"1190\" \/>Es el coraz\u00f3n del crecimiento dentro de Capellanes Global.<\/h3><p data-start=\"1250\" data-end=\"1345\">Aqu\u00ed se construyen las capacidades que distinguen a un miembro com\u00fan de un l\u00edder institucional.<\/p>\t\t\t\t\t\t\t\t<\/div>\n\t\t\t\t\t<\/div>\n\t\t\t\t<\/div>\n\t\t<div class=\"elementor-element elementor-element-a6019e5 e-flex e-con-boxed e-con e-parent\" data-id=\"a6019e5\" data-element_type=\"container\" data-e-type=\"container\">\n\t\t\t\t\t<div class=\"e-con-inner\">\n\t\t\t\t<div class=\"elementor-element elementor-element-fc07807 elementor-widget elementor-widget-text-editor\" data-id=\"fc07807\" data-element_type=\"widget\" data-e-type=\"widget\" data-widget_type=\"text-editor.default\">\n\t\t\t\t\t\t\t\t\t<h2 data-start=\"1352\" data-end=\"1397\">MODELO DE FORMACI\u00d3N INTEGRAL<\/h2><h3 data-start=\"1399\" data-end=\"1436\">\ud83d\udee1\ufe0f Formaci\u00f3n en tres dimensiones:<\/h3><h4 data-start=\"1438\" data-end=\"1455\">1\ufe0f\u20e3 T\u00e9cnica<\/h4><p data-start=\"1456\" data-end=\"1499\">Seguridad, an\u00e1lisis, protocolos, operaci\u00f3n.<\/p><h4 data-start=\"1501\" data-end=\"1522\">2\ufe0f\u20e3 Estrat\u00e9gica<\/h4><p data-start=\"1523\" data-end=\"1590\">Gesti\u00f3n de proyectos, evaluaci\u00f3n institucional, liderazgo aplicado.<\/p><h4 data-start=\"1592\" data-end=\"1612\">3\ufe0f\u20e3 Filos\u00f3fica<\/h4><p data-start=\"1613\" data-end=\"1676\">\u00c9tica, doctrina, expansi\u00f3n de conciencia y desarrollo personal.<\/p>\t\t\t\t\t\t\t\t<\/div>\n\t\t\t\t\t<\/div>\n\t\t\t\t<\/div>\n\t\t<div class=\"elementor-element elementor-element-b4ad824 e-flex e-con-boxed e-con e-parent\" data-id=\"b4ad824\" data-element_type=\"container\" data-e-type=\"container\">\n\t\t\t\t\t<div class=\"e-con-inner\">\n\t\t\t\t<div class=\"elementor-element elementor-element-c5e6bfe elementor-widget elementor-widget-text-editor\" data-id=\"c5e6bfe\" data-element_type=\"widget\" data-e-type=\"widget\" data-widget_type=\"text-editor.default\">\n\t\t\t\t\t\t\t\t\t<h3>No formamos solo habilidades.<br data-start=\"1733\" data-end=\"1736\" \/>Formamos criterio.<\/h3>\t\t\t\t\t\t\t\t<\/div>\n\t\t\t\t\t<\/div>\n\t\t\t\t<\/div>\n\t\t<div class=\"elementor-element elementor-element-2cc728e e-flex e-con-boxed e-con e-parent\" data-id=\"2cc728e\" data-element_type=\"container\" data-e-type=\"container\">\n\t\t\t\t\t<div class=\"e-con-inner\">\n\t\t\t\t<div class=\"elementor-element elementor-element-022318e elementor-widget elementor-widget-text-editor\" data-id=\"022318e\" data-element_type=\"widget\" data-e-type=\"widget\" data-widget_type=\"text-editor.default\">\n\t\t\t\t\t\t\t\t\t<h3 data-start=\"1761\" data-end=\"1799\">PROGRAMAS DESTACADOS<\/h3><p class=\"not-prose mt-0! mb-0! flex-auto truncate\">1.- IDEOLOGIA DE LA DOCTRINA C\u2026<\/p><ul><li data-start=\"1876\" data-end=\"1913\">Seguridad P\u00fablica y Ciudadana<\/li><li data-start=\"1914\" data-end=\"1958\">Sistema Integral de Derechos Humanos<\/li><li data-start=\"1959\" data-end=\"1993\">Uso racional de la fuerza<\/li><li data-start=\"1994\" data-end=\"2016\">Ciberseguridad<\/li><li data-start=\"2017\" data-end=\"2058\">Inteligencia y Contrainteligencia<\/li><li data-start=\"2059\" data-end=\"2101\">Gesti\u00f3n y Evaluaci\u00f3n Institucional<\/li><li data-start=\"2102\" data-end=\"2144\">\u00a0Liderazgo y Soluci\u00f3n de Conflictos<\/li><\/ul>\t\t\t\t\t\t\t\t<\/div>\n\t\t\t\t\t<\/div>\n\t\t\t\t<\/div>\n\t\t<div class=\"elementor-element elementor-element-1ab9c2a e-flex e-con-boxed e-con e-parent\" data-id=\"1ab9c2a\" data-element_type=\"container\" data-e-type=\"container\">\n\t\t\t\t\t<div class=\"e-con-inner\">\n\t\t\t\t<div class=\"elementor-element elementor-element-3ba12fe elementor-widget elementor-widget-text-editor\" data-id=\"3ba12fe\" data-element_type=\"widget\" data-e-type=\"widget\" data-widget_type=\"text-editor.default\">\n\t\t\t\t\t\t\t\t\t<h2 data-start=\"2151\" data-end=\"2188\">FORMACI\u00d3N POR NIVEL<\/h2><p data-start=\"2190\" data-end=\"2242\">Aqu\u00ed conectamos directamente con venta de membres\u00eda.<\/p><h4 data-start=\"2244\" data-end=\"2258\">\ud83e\udd49 Afiliado<\/h4><p data-start=\"2259\" data-end=\"2300\">Formaci\u00f3n base y fundamentos doctrinales.<\/p><h4 data-start=\"2302\" data-end=\"2316\">\ud83e\udd48 Camarada<\/h4><p data-start=\"2317\" data-end=\"2354\">Capacitaci\u00f3n operativa y comunitaria.<\/p><h4 data-start=\"2356\" data-end=\"2370\">\ud83e\udd47 Veterano<\/h4><p data-start=\"2371\" data-end=\"2419\">Proyectos estrat\u00e9gicos y asesor\u00eda institucional.<\/p><h4 data-start=\"2421\" data-end=\"2434\">\ud83d\udc51 Experto<\/h4><p data-start=\"2435\" data-end=\"2528\">Coaching filos\u00f3fico, liderazgo avanzado y gesti\u00f3n PMP<\/p>\t\t\t\t\t\t\t\t<\/div>\n\t\t\t\t\t<\/div>\n\t\t\t\t<\/div>\n\t\t<div class=\"elementor-element elementor-element-c4fb253 e-flex e-con-boxed e-con e-parent\" data-id=\"c4fb253\" data-element_type=\"container\" data-e-type=\"container\">\n\t\t\t\t\t<div class=\"e-con-inner\">\n\t\t\t\t<div class=\"elementor-element elementor-element-be1083c elementor-widget elementor-widget-text-editor\" data-id=\"be1083c\" data-element_type=\"widget\" data-e-type=\"widget\" data-widget_type=\"text-editor.default\">\n\t\t\t\t\t\t\t\t\t<h2>Cada nivel exige mayor preparaci\u00f3n.<br data-start=\"2592\" data-end=\"2595\" \/>Y la Academia es el veh\u00edculo para ascender.<\/h2>\t\t\t\t\t\t\t\t<\/div>\n\t\t\t\t\t<\/div>\n\t\t\t\t<\/div>\n\t\t<div class=\"elementor-element elementor-element-29b125f e-flex e-con-boxed e-con e-parent\" data-id=\"29b125f\" data-element_type=\"container\" data-e-type=\"container\">\n\t\t\t\t\t<div class=\"e-con-inner\">\n\t\t\t\t<div class=\"elementor-element elementor-element-5b0bcca elementor-widget elementor-widget-text-editor\" data-id=\"5b0bcca\" data-element_type=\"widget\" data-e-type=\"widget\" data-widget_type=\"text-editor.default\">\n\t\t\t\t\t\t\t\t\t<h3>Puedes tomar cursos aislados.<\/h3><p>O puedes formar parte de una estructura que te respalde y te reconozca oficialmente.<\/p>\t\t\t\t\t\t\t\t<\/div>\n\t\t\t\t\t<\/div>\n\t\t\t\t<\/div>\n\t\t<div class=\"elementor-element elementor-element-e2920a7 e-flex e-con-boxed e-con e-parent\" data-id=\"e2920a7\" data-element_type=\"container\" data-e-type=\"container\">\n\t\t\t\t\t<div class=\"e-con-inner\">\n\t\t\t\t<div class=\"elementor-element elementor-element-eb3d64a elementor-widget elementor-widget-text-editor\" data-id=\"eb3d64a\" data-element_type=\"widget\" data-e-type=\"widget\" data-widget_type=\"text-editor.default\">\n\t\t\t\t\t\t\t\t\t<h3 data-start=\"2939\" data-end=\"2981\">CERTIFICACI\u00d3N Y PRESTIGIO<\/h3><p data-start=\"2983\" data-end=\"3002\">La Academia otorga:<\/p><ul data-start=\"3004\" data-end=\"3129\"><li data-start=\"3004\" data-end=\"3034\"><p data-start=\"3006\" data-end=\"3034\">Certificados institucionales<\/p><\/li><li data-start=\"3035\" data-end=\"3069\"><p data-start=\"3037\" data-end=\"3069\">Validaci\u00f3n para ascenso de nivel<\/p><\/li><li data-start=\"3070\" data-end=\"3094\"><p data-start=\"3072\" data-end=\"3094\">Reconocimiento interno<\/p><\/li><li data-start=\"3095\" data-end=\"3129\"><p data-start=\"3097\" data-end=\"3129\">Posicionamiento dentro de la red<\/p><\/li><\/ul><p>.<\/p>\t\t\t\t\t\t\t\t<\/div>\n\t\t\t\t\t<\/div>\n\t\t\t\t<\/div>\n\t\t<div class=\"elementor-element elementor-element-1218efe e-flex e-con-boxed e-con e-parent\" data-id=\"1218efe\" data-element_type=\"container\" data-e-type=\"container\">\n\t\t\t\t\t<div class=\"e-con-inner\">\n\t\t\t\t<div class=\"elementor-element elementor-element-8dbc835 elementor-widget elementor-widget-text-editor\" data-id=\"8dbc835\" data-element_type=\"widget\" data-e-type=\"widget\" data-widget_type=\"text-editor.default\">\n\t\t\t\t\t\t\t\t\t<h3>La diferencia entre aprender y ser reconocido por lo aprendido\u2026<br data-start=\"3220\" data-end=\"3223\" \/>es pertenecer.<\/h3>\t\t\t\t\t\t\t\t<\/div>\n\t\t\t\t\t<\/div>\n\t\t\t\t<\/div>\n\t\t<div class=\"elementor-element elementor-element-f28bfe6 e-flex e-con-boxed e-con e-parent\" data-id=\"f28bfe6\" data-element_type=\"container\" data-e-type=\"container\">\n\t\t\t\t\t<div class=\"e-con-inner\">\n\t\t\t\t<div class=\"elementor-element elementor-element-b2326da elementor-widget elementor-widget-text-editor\" data-id=\"b2326da\" data-element_type=\"widget\" data-e-type=\"widget\" data-widget_type=\"text-editor.default\">\n\t\t\t\t\t\t\t\t\t<h3 data-start=\"3244\" data-end=\"3277\">\ud83c\udf0d MODALIDAD GLOBAL<\/h3><ul data-start=\"3279\" data-end=\"3404\"><li data-start=\"3279\" data-end=\"3321\"><p data-start=\"3281\" data-end=\"3321\">Formaci\u00f3n h\u00edbrida (virtual y presencial)<\/p><\/li><li data-start=\"3322\" data-end=\"3350\"><p data-start=\"3324\" data-end=\"3350\">Seminarios internacionales<\/p><\/li><li data-start=\"3351\" data-end=\"3376\"><p data-start=\"3353\" data-end=\"3376\">Talleres especializados<\/p><\/li><li data-start=\"3377\" data-end=\"3404\"><p data-start=\"3379\" data-end=\"3404\">Simposios institucionales<\/p><\/li><\/ul>\t\t\t\t\t\t\t\t<\/div>\n\t\t\t\t\t<\/div>\n\t\t\t\t<\/div>\n\t\t<div class=\"elementor-element elementor-element-92baa8e e-flex e-con-boxed e-con e-parent\" data-id=\"92baa8e\" data-element_type=\"container\" data-e-type=\"container\">\n\t\t\t\t\t<div class=\"e-con-inner\">\n\t\t<div class=\"elementor-element elementor-element-2ead437 e-con-full e-flex e-con e-child\" data-id=\"2ead437\" data-element_type=\"container\" data-e-type=\"container\">\n\t\t\t\t<div class=\"elementor-element elementor-element-c7e1c3c elementor-widget elementor-widget-text-editor\" data-id=\"c7e1c3c\" data-element_type=\"widget\" data-e-type=\"widget\" data-widget_type=\"text-editor.default\">\n\t\t\t\t\t\t\t\t\t<h3>AFILIARME Y ACCEDER A LA ACADEMIA<\/h3><h4 data-start=\"3641\" data-end=\"3691\">\ud83d\udee1\ufe0f Capellanes Global no improvisa liderazgo.<\/h4><p data-start=\"3692\" data-end=\"3705\">Lo construye.<\/p>\t\t\t\t\t\t\t\t<\/div>\n\t\t\t\t<\/div>\n\t\t<div class=\"elementor-element elementor-element-d9c3808 e-con-full e-flex e-con e-child\" data-id=\"d9c3808\" data-element_type=\"container\" data-e-type=\"container\">\n\t\t\t\t<div class=\"elementor-element elementor-element-469bd42 elementor-widget elementor-widget-image\" data-id=\"469bd42\" data-element_type=\"widget\" data-e-type=\"widget\" data-widget_type=\"image.default\">\n\t\t\t\t\t\t\t\t\t\t\t\t\t\t\t<img decoding=\"async\" width=\"1024\" height=\"701\" src=\"https:\/\/capellanesglobal.com\/wp-content\/uploads\/2026\/03\/freepik__ceremonia-de-reconocimiento-a-policas-uniformados-__70016-1024x701.png\" class=\"attachment-large size-large wp-image-139\" alt=\"\" srcset=\"https:\/\/capellanesglobal.com\/wp-content\/uploads\/2026\/03\/freepik__ceremonia-de-reconocimiento-a-policas-uniformados-__70016-1024x701.png 1024w, https:\/\/capellanesglobal.com\/wp-content\/uploads\/2026\/03\/freepik__ceremonia-de-reconocimiento-a-policas-uniformados-__70016-300x205.png 300w, https:\/\/capellanesglobal.com\/wp-content\/uploads\/2026\/03\/freepik__ceremonia-de-reconocimiento-a-policas-uniformados-__70016-768x525.png 768w, https:\/\/capellanesglobal.com\/wp-content\/uploads\/2026\/03\/freepik__ceremonia-de-reconocimiento-a-policas-uniformados-__70016-1536x1051.png 1536w, https:\/\/capellanesglobal.com\/wp-content\/uploads\/2026\/03\/freepik__ceremonia-de-reconocimiento-a-policas-uniformados-__70016-2048x1401.png 2048w\" sizes=\"(max-width: 1024px) 100vw, 1024px\" \/>\t\t\t\t\t\t\t\t\t\t\t\t\t\t\t<\/div>\n\t\t\t\t<\/div>\n\t\t\t\t\t<\/div>\n\t\t\t\t<\/div>\n\t\t<div class=\"elementor-element elementor-element-d247e7e e-flex e-con-boxed e-con e-parent\" data-id=\"d247e7e\" data-element_type=\"container\" data-e-type=\"container\">\n\t\t\t\t\t<div class=\"e-con-inner\">\n\t\t<div class=\"elementor-element elementor-element-2a46a76 e-con-full e-flex e-con e-child\" data-id=\"2a46a76\" data-element_type=\"container\" data-e-type=\"container\">\n\t\t\t\t<div class=\"elementor-element elementor-element-a78d73e elementor-widget elementor-widget-image\" data-id=\"a78d73e\" data-element_type=\"widget\" data-e-type=\"widget\" data-widget_type=\"image.default\">\n\t\t\t\t\t\t\t\t\t\t\t\t\t\t\t<img loading=\"lazy\" decoding=\"async\" width=\"683\" height=\"1024\" src=\"https:\/\/capellanesglobal.com\/wp-content\/uploads\/2026\/03\/freepik__ceremonia-de-reconocimiento-a-policas-uniformados-__87062-683x1024.png\" class=\"attachment-large size-large wp-image-51\" alt=\"\" srcset=\"https:\/\/capellanesglobal.com\/wp-content\/uploads\/2026\/03\/freepik__ceremonia-de-reconocimiento-a-policas-uniformados-__87062-683x1024.png 683w, https:\/\/capellanesglobal.com\/wp-content\/uploads\/2026\/03\/freepik__ceremonia-de-reconocimiento-a-policas-uniformados-__87062-200x300.png 200w, https:\/\/capellanesglobal.com\/wp-content\/uploads\/2026\/03\/freepik__ceremonia-de-reconocimiento-a-policas-uniformados-__87062-768x1152.png 768w, https:\/\/capellanesglobal.com\/wp-content\/uploads\/2026\/03\/freepik__ceremonia-de-reconocimiento-a-policas-uniformados-__87062.png 832w\" sizes=\"(max-width: 683px) 100vw, 683px\" \/>\t\t\t\t\t\t\t\t\t\t\t\t\t\t\t<\/div>\n\t\t\t\t<\/div>\n\t\t<div class=\"elementor-element elementor-element-5677b5e e-con-full e-flex e-con e-child\" data-id=\"5677b5e\" data-element_type=\"container\" data-e-type=\"container\">\n\t\t\t\t<div class=\"elementor-element elementor-element-ee9c012 elementor-widget elementor-widget-text-editor\" data-id=\"ee9c012\" data-element_type=\"widget\" data-e-type=\"widget\" data-widget_type=\"text-editor.default\">\n\t\t\t\t\t\t\t\t\t<h3 data-start=\"3446\" data-end=\"3498\">\ud83d\udee1\ufe0f Si deseas crecer dentro de Capellanes Global\u2026<\/h3><p data-start=\"3500\" data-end=\"3534\">Tu camino comienza en la Academia.<\/p>\t\t\t\t\t\t\t\t<\/div>\n\t\t\t\t<\/div>\n\t\t<div class=\"elementor-element elementor-element-9c60a6d e-con-full e-flex e-con e-child\" data-id=\"9c60a6d\" data-element_type=\"container\" data-e-type=\"container\">\n\t\t\t\t<div class=\"elementor-element elementor-element-5105d62 elementor-widget elementor-widget-button\" data-id=\"5105d62\" data-element_type=\"widget\" data-e-type=\"widget\" data-widget_type=\"button.default\">\n\t\t\t\t\t\t\t\t\t\t<a class=\"elementor-button elementor-button-link elementor-size-sm\" href=\"#\">\n\t\t\t\t\t\t<span class=\"elementor-button-content-wrapper\">\n\t\t\t\t\t\t\t\t\t<span class=\"elementor-button-text\">Click here<\/span>\n\t\t\t\t\t<\/span>\n\t\t\t\t\t<\/a>\n\t\t\t\t\t\t\t\t<\/div>\n\t\t\t\t<\/div>\n\t\t<div class=\"elementor-element elementor-element-b9cff8a e-con-full e-flex e-con e-child\" data-id=\"b9cff8a\" data-element_type=\"container\" data-e-type=\"container\">\n\t\t\t\t<div class=\"elementor-element elementor-element-72ad17b elementor-widget elementor-widget-image\" data-id=\"72ad17b\" data-element_type=\"widget\" data-e-type=\"widget\" data-widget_type=\"image.default\">\n\t\t\t\t\t\t\t\t\t\t\t\t\t\t\t<img loading=\"lazy\" decoding=\"async\" width=\"683\" height=\"1024\" src=\"https:\/\/capellanesglobal.com\/wp-content\/uploads\/2026\/03\/freepik__ceremonia-de-reconocimiento-a-policas-uniformados-__87064-683x1024.png\" class=\"attachment-large size-large wp-image-9\" alt=\"\" srcset=\"https:\/\/capellanesglobal.com\/wp-content\/uploads\/2026\/03\/freepik__ceremonia-de-reconocimiento-a-policas-uniformados-__87064-683x1024.png 683w, https:\/\/capellanesglobal.com\/wp-content\/uploads\/2026\/03\/freepik__ceremonia-de-reconocimiento-a-policas-uniformados-__87064-200x300.png 200w, https:\/\/capellanesglobal.com\/wp-content\/uploads\/2026\/03\/freepik__ceremonia-de-reconocimiento-a-policas-uniformados-__87064-768x1152.png 768w, https:\/\/capellanesglobal.com\/wp-content\/uploads\/2026\/03\/freepik__ceremonia-de-reconocimiento-a-policas-uniformados-__87064.png 832w\" sizes=\"(max-width: 683px) 100vw, 683px\" \/>\t\t\t\t\t\t\t\t\t\t\t\t\t\t\t<\/div>\n\t\t\t\t<\/div>\n\t\t\t\t\t<\/div>\n\t\t\t\t<\/div>\n\t\t\t\t<\/div>\n\t\t","protected":false},"excerpt":{"rendered":"<p>Formaci\u00f3n para quienes deciden liderar \u00a0el liderazgo no se improvisa. La Academia Capellanes Global es el centro de formaci\u00f3n estrat\u00e9gica para profesionales del servicio, la seguridad y el liderazgo institucional. ACCEDER A LA ACADEMIA. Click here \u00bfQU\u00c9 ES LA ACADEMIA? La doctrina establece formaci\u00f3n en \u00e1reas clave como: Seguridad p\u00fablica Derechos humanos Liderazgo y mando [&hellip;]<\/p>\n","protected":false},"author":1,"featured_media":0,"parent":0,"menu_order":0,"comment_status":"closed","ping_status":"closed","template":"","meta":{"footnotes":""},"class_list":["post-24","page","type-page","status-publish","hentry"],"_links":{"self":[{"href":"https:\/\/capellanesglobal.com\/index.php\/wp-json\/wp\/v2\/pages\/24","targetHints":{"allow":["GET"]}}],"collection":[{"href":"https:\/\/capellanesglobal.com\/index.php\/wp-json\/wp\/v2\/pages"}],"about":[{"href":"https:\/\/capellanesglobal.com\/index.php\/wp-json\/wp\/v2\/types\/page"}],"author":[{"embeddable":true,"href":"https:\/\/capellanesglobal.com\/index.php\/wp-json\/wp\/v2\/users\/1"}],"replies":[{"embeddable":true,"href":"https:\/\/capellanesglobal.com\/index.php\/wp-json\/wp\/v2\/comments?post=24"}],"version-history":[{"count":13,"href":"https:\/\/capellanesglobal.com\/index.php\/wp-json\/wp\/v2\/pages\/24\/revisions"}],"predecessor-version":[{"id":184,"href":"https:\/\/capellanesglobal.com\/index.php\/wp-json\/wp\/v2\/pages\/24\/revisions\/184"}],"wp:attachment":[{"href":"https:\/\/capellanesglobal.com\/index.php\/wp-json\/wp\/v2\/media?parent=24"}],"curies":[{"name":"wp","href":"https:\/\/api.w.org\/{rel}","templated":true}]}}