{"id":26,"date":"2026-03-02T05:06:37","date_gmt":"2026-03-02T05:06:37","guid":{"rendered":"https:\/\/capellanesglobal.com\/?page_id=26"},"modified":"2026-03-04T00:21:15","modified_gmt":"2026-03-04T00:21:15","slug":"beneficios","status":"publish","type":"page","link":"https:\/\/capellanesglobal.com\/index.php\/beneficios\/","title":{"rendered":"Beneficios"},"content":{"rendered":"\t\t<div data-elementor-type=\"wp-page\" data-elementor-id=\"26\" class=\"elementor elementor-26\">\n\t\t\t\t<div class=\"elementor-element elementor-element-48d01a3 e-flex e-con-boxed e-con e-parent\" data-id=\"48d01a3\" data-element_type=\"container\" data-e-type=\"container\">\n\t\t\t\t\t<div class=\"e-con-inner\">\n\t\t\t\t<div class=\"elementor-element elementor-element-8250012 elementor-widget__width-initial elementor-widget elementor-widget-heading\" data-id=\"8250012\" data-element_type=\"widget\" data-e-type=\"widget\" data-widget_type=\"heading.default\">\n\t\t\t\t\t<h2 class=\"elementor-heading-title elementor-size-default\">\u201cNo es solo una membres\u00eda.\n\nEs pertenecer a una hermandad institucional de servicio y honor.\u201d<\/h2>\t\t\t\t<\/div>\n\t\t\t\t\t<\/div>\n\t\t\t\t<\/div>\n\t\t<div class=\"elementor-element elementor-element-e3b1c6d e-flex e-con-boxed e-con e-parent\" data-id=\"e3b1c6d\" data-element_type=\"container\" data-e-type=\"container\">\n\t\t\t\t\t<div class=\"e-con-inner\">\n\t\t\t\t<div class=\"elementor-element elementor-element-78ff04e elementor-widget elementor-widget-image\" data-id=\"78ff04e\" data-element_type=\"widget\" data-e-type=\"widget\" data-widget_type=\"image.default\">\n\t\t\t\t\t\t\t\t\t\t\t\t\t\t\t<img fetchpriority=\"high\" decoding=\"async\" width=\"1536\" height=\"1024\" src=\"https:\/\/capellanesglobal.com\/wp-content\/uploads\/2026\/03\/ChatGPT-Image-Mar-2-2026-02_18_01-PM.png\" class=\"attachment-full size-full wp-image-65\" alt=\"\" srcset=\"https:\/\/capellanesglobal.com\/wp-content\/uploads\/2026\/03\/ChatGPT-Image-Mar-2-2026-02_18_01-PM.png 1536w, https:\/\/capellanesglobal.com\/wp-content\/uploads\/2026\/03\/ChatGPT-Image-Mar-2-2026-02_18_01-PM-300x200.png 300w, https:\/\/capellanesglobal.com\/wp-content\/uploads\/2026\/03\/ChatGPT-Image-Mar-2-2026-02_18_01-PM-1024x683.png 1024w, https:\/\/capellanesglobal.com\/wp-content\/uploads\/2026\/03\/ChatGPT-Image-Mar-2-2026-02_18_01-PM-768x512.png 768w\" sizes=\"(max-width: 1536px) 100vw, 1536px\" \/>\t\t\t\t\t\t\t\t\t\t\t\t\t\t\t<\/div>\n\t\t\t\t\t<\/div>\n\t\t\t\t<\/div>\n\t\t<div class=\"elementor-element elementor-element-47cac4a e-flex e-con-boxed e-con e-parent\" data-id=\"47cac4a\" data-element_type=\"container\" data-e-type=\"container\">\n\t\t\t\t\t<div class=\"e-con-inner\">\n\t\t<div class=\"elementor-element elementor-element-94bb4f6 e-con-full e-flex e-con e-child\" data-id=\"94bb4f6\" data-element_type=\"container\" data-e-type=\"container\">\n\t\t\t\t<div class=\"elementor-element elementor-element-3a7d35b elementor-view-framed elementor-shape-circle elementor-widget elementor-widget-icon\" data-id=\"3a7d35b\" data-element_type=\"widget\" data-e-type=\"widget\" data-widget_type=\"icon.default\">\n\t\t\t\t\t\t\t<div class=\"elementor-icon-wrapper\">\n\t\t\t<div class=\"elementor-icon\">\n\t\t\t<svg aria-hidden=\"true\" class=\"e-font-icon-svg e-fas-star\" viewBox=\"0 0 576 512\" xmlns=\"http:\/\/www.w3.org\/2000\/svg\"><path d=\"M259.3 17.8L194 150.2 47.9 171.5c-26.2 3.8-36.7 36.1-17.7 54.6l105.7 103-25 145.5c-4.5 26.3 23.2 46 46.4 33.7L288 439.6l130.7 68.7c23.2 12.2 50.9-7.4 46.4-33.7l-25-145.5 105.7-103c19-18.5 8.5-50.8-17.7-54.6L382 150.2 316.7 17.8c-11.7-23.6-45.6-23.9-57.4 0z\"><\/path><\/svg>\t\t\t<\/div>\n\t\t<\/div>\n\t\t\t\t\t\t<\/div>\n\t\t\t\t<\/div>\n\t\t<div class=\"elementor-element elementor-element-190ce09 e-con-full e-flex e-con e-child\" data-id=\"190ce09\" data-element_type=\"container\" data-e-type=\"container\">\n\t\t\t\t<div class=\"elementor-element elementor-element-66fd6b9 elementor-view-framed elementor-shape-circle elementor-widget elementor-widget-icon\" data-id=\"66fd6b9\" data-element_type=\"widget\" data-e-type=\"widget\" data-widget_type=\"icon.default\">\n\t\t\t\t\t\t\t<div class=\"elementor-icon-wrapper\">\n\t\t\t<div class=\"elementor-icon\">\n\t\t\t<svg aria-hidden=\"true\" class=\"e-font-icon-svg e-fas-trophy\" viewBox=\"0 0 576 512\" xmlns=\"http:\/\/www.w3.org\/2000\/svg\"><path d=\"M552 64H448V24c0-13.3-10.7-24-24-24H152c-13.3 0-24 10.7-24 24v40H24C10.7 64 0 74.7 0 88v56c0 35.7 22.5 72.4 61.9 100.7 31.5 22.7 69.8 37.1 110 41.7C203.3 338.5 240 360 240 360v72h-48c-35.3 0-64 20.7-64 56v12c0 6.6 5.4 12 12 12h296c6.6 0 12-5.4 12-12v-12c0-35.3-28.7-56-64-56h-48v-72s36.7-21.5 68.1-73.6c40.3-4.6 78.6-19 110-41.7 39.3-28.3 61.9-65 61.9-100.7V88c0-13.3-10.7-24-24-24zM99.3 192.8C74.9 175.2 64 155.6 64 144v-16h64.2c1 32.6 5.8 61.2 12.8 86.2-15.1-5.2-29.2-12.4-41.7-21.4zM512 144c0 16.1-17.7 36.1-35.3 48.8-12.5 9-26.7 16.2-41.8 21.4 7-25 11.8-53.6 12.8-86.2H512v16z\"><\/path><\/svg>\t\t\t<\/div>\n\t\t<\/div>\n\t\t\t\t\t\t<\/div>\n\t\t\t\t<\/div>\n\t\t<div class=\"elementor-element elementor-element-306ec06 e-con-full e-flex e-con e-child\" data-id=\"306ec06\" data-element_type=\"container\" data-e-type=\"container\">\n\t\t\t\t<div class=\"elementor-element elementor-element-67208b5 elementor-view-framed elementor-shape-circle elementor-widget elementor-widget-icon\" data-id=\"67208b5\" data-element_type=\"widget\" data-e-type=\"widget\" data-widget_type=\"icon.default\">\n\t\t\t\t\t\t\t<div class=\"elementor-icon-wrapper\">\n\t\t\t<div class=\"elementor-icon\">\n\t\t\t<svg aria-hidden=\"true\" class=\"e-font-icon-svg e-fas-user-shield\" viewBox=\"0 0 640 512\" xmlns=\"http:\/\/www.w3.org\/2000\/svg\"><path d=\"M622.3 271.1l-115.2-45c-4.1-1.6-12.6-3.7-22.2 0l-115.2 45c-10.7 4.2-17.7 14-17.7 24.9 0 111.6 68.7 188.8 132.9 213.9 9.6 3.7 18 1.6 22.2 0C558.4 489.9 640 420.5 640 296c0-10.9-7-20.7-17.7-24.9zM496 462.4V273.3l95.5 37.3c-5.6 87.1-60.9 135.4-95.5 151.8zM224 256c70.7 0 128-57.3 128-128S294.7 0 224 0 96 57.3 96 128s57.3 128 128 128zm96 40c0-2.5.8-4.8 1.1-7.2-2.5-.1-4.9-.8-7.5-.8h-16.7c-22.2 10.2-46.9 16-72.9 16s-50.6-5.8-72.9-16h-16.7C60.2 288 0 348.2 0 422.4V464c0 26.5 21.5 48 48 48h352c6.8 0 13.3-1.5 19.2-4-54-42.9-99.2-116.7-99.2-212z\"><\/path><\/svg>\t\t\t<\/div>\n\t\t<\/div>\n\t\t\t\t\t\t<\/div>\n\t\t\t\t<\/div>\n\t\t<div class=\"elementor-element elementor-element-114cd7d e-con-full e-flex e-con e-child\" data-id=\"114cd7d\" data-element_type=\"container\" data-e-type=\"container\">\n\t\t\t\t<div class=\"elementor-element elementor-element-d5ade3e elementor-widget elementor-widget-text-editor\" data-id=\"d5ade3e\" data-element_type=\"widget\" data-e-type=\"widget\" data-widget_type=\"text-editor.default\">\n\t\t\t\t\t\t\t\t\t<h4 class=\"elementor-heading-title elementor-size-default elementor-inline-editing pen\" contenteditable=\"true\" data-elementor-setting-key=\"title\" data-pen-placeholder=\"Type Here...\">Acceso a beneficios reales<\/h4>\t\t\t\t\t\t\t\t<\/div>\n\t\t\t\t<\/div>\n\t\t<div class=\"elementor-element elementor-element-f2dd142 e-con-full e-flex e-con e-child\" data-id=\"f2dd142\" data-element_type=\"container\" data-e-type=\"container\">\n\t\t\t\t<div class=\"elementor-element elementor-element-9610676 elementor-widget elementor-widget-text-editor\" data-id=\"9610676\" data-element_type=\"widget\" data-e-type=\"widget\" data-widget_type=\"text-editor.default\">\n\t\t\t\t\t\t\t\t\t<h4 class=\"elementor-heading-title elementor-size-default elementor-inline-editing pen\" contenteditable=\"true\" data-elementor-setting-key=\"title\" data-pen-placeholder=\"Type Here...\">respaldo institucional<\/h4>\t\t\t\t\t\t\t\t<\/div>\n\t\t\t\t<\/div>\n\t\t<div class=\"elementor-element elementor-element-78dbd6d e-con-full e-flex e-con e-child\" data-id=\"78dbd6d\" data-element_type=\"container\" data-e-type=\"container\">\n\t\t\t\t<div class=\"elementor-element elementor-element-ca1002f elementor-widget elementor-widget-text-editor\" data-id=\"ca1002f\" data-element_type=\"widget\" data-e-type=\"widget\" data-widget_type=\"text-editor.default\">\n\t\t\t\t\t\t\t\t\t<h4 class=\"elementor-heading-title elementor-size-default elementor-inline-editing pen\" contenteditable=\"true\" data-elementor-setting-key=\"title\" data-pen-placeholder=\"Type Here...\">formaci\u00f3n que transforma tu impacto en la sociedad.<\/h4>\t\t\t\t\t\t\t\t<\/div>\n\t\t\t\t<\/div>\n\t\t\t\t\t<\/div>\n\t\t\t\t<\/div>\n\t\t<div class=\"elementor-element elementor-element-f6e1e7d e-flex e-con-boxed e-con e-parent\" data-id=\"f6e1e7d\" data-element_type=\"container\" data-e-type=\"container\">\n\t\t\t\t\t<div class=\"e-con-inner\">\n\t\t\t\t<div class=\"elementor-element elementor-element-1b91ce2 elementor-widget elementor-widget-text-editor\" data-id=\"1b91ce2\" data-element_type=\"widget\" data-e-type=\"widget\" data-widget_type=\"text-editor.default\">\n\t\t\t\t\t\t\t\t\t<h3>BENEFICIOS REALES:<\/h3><h4 data-start=\"895\" data-end=\"943\">Protecci\u00f3n y respaldo para ti y tu familia<\/h4><p data-start=\"945\" data-end=\"968\">Basado en el documento:<\/p><ul data-start=\"970\" data-end=\"1209\"><li data-start=\"970\" data-end=\"994\"><p data-start=\"972\" data-end=\"994\">Asistencia funeraria<\/p><\/li><li data-start=\"995\" data-end=\"1027\"><p data-start=\"997\" data-end=\"1027\">Seguro por muerte accidental<\/p><\/li><li data-start=\"1028\" data-end=\"1049\"><p data-start=\"1030\" data-end=\"1049\">Asesor\u00eda jur\u00eddica<\/p><\/li><li data-start=\"1050\" data-end=\"1072\"><p data-start=\"1052\" data-end=\"1072\">Orientaci\u00f3n m\u00e9dica<\/p><\/li><li data-start=\"1073\" data-end=\"1102\"><p data-start=\"1075\" data-end=\"1102\">Ambulancia por emergencia<\/p><\/li><li data-start=\"1103\" data-end=\"1125\"><p data-start=\"1105\" data-end=\"1125\">M\u00e9dico a domicilio<\/p><\/li><li data-start=\"1126\" data-end=\"1147\"><p data-start=\"1128\" data-end=\"1147\">Apoyo psicol\u00f3gico<\/p><\/li><li data-start=\"1148\" data-end=\"1209\"><p data-start=\"1150\" data-end=\"1209\">Programa familiar<\/p><\/li><\/ul>\t\t\t\t\t\t\t\t<\/div>\n\t\t\t\t\t<\/div>\n\t\t\t\t<\/div>\n\t\t<div class=\"elementor-element elementor-element-3bbd5b4 e-flex e-con-boxed e-con e-parent\" data-id=\"3bbd5b4\" data-element_type=\"container\" data-e-type=\"container\">\n\t\t\t\t\t<div class=\"e-con-inner\">\n\t\t\t\t<div class=\"elementor-element elementor-element-8c0afdb elementor-widget elementor-widget-text-editor\" data-id=\"8c0afdb\" data-element_type=\"widget\" data-e-type=\"widget\" data-widget_type=\"text-editor.default\">\n\t\t\t\t\t\t\t\t\t<h3 data-start=\"1243\" data-end=\"1286\">\ud83d\udee1\ufe0f Seguridad que trasciende el uniforme<\/h3><p data-start=\"1288\" data-end=\"1428\">Ser Capell\u00e1n Global significa contar con respaldo cuando m\u00e1s lo necesitas.<br data-start=\"1362\" data-end=\"1365\" \/>Porque quienes sirven a la sociedad tambi\u00e9n merecen protecci\u00f3n.<\/p>\t\t\t\t\t\t\t\t<\/div>\n\t\t\t\t\t<\/div>\n\t\t\t\t<\/div>\n\t\t<div class=\"elementor-element elementor-element-b01a41d e-flex e-con-boxed e-con e-parent\" data-id=\"b01a41d\" data-element_type=\"container\" data-e-type=\"container\">\n\t\t\t\t\t<div class=\"e-con-inner\">\n\t\t\t\t<div class=\"elementor-element elementor-element-df1814d elementor-widget elementor-widget-text-editor\" data-id=\"df1814d\" data-element_type=\"widget\" data-e-type=\"widget\" data-widget_type=\"text-editor.default\">\n\t\t\t\t\t\t\t\t\t<h3 data-start=\"1435\" data-end=\"1470\">BIENESTAR INTEGRAL<\/h3><h4 data-start=\"1472\" data-end=\"1521\">Beneficios para tu salud f\u00edsica y emocional<\/h4><ul data-start=\"1523\" data-end=\"1681\"><li data-start=\"1523\" data-end=\"1542\"><p data-start=\"1525\" data-end=\"1542\">Check up m\u00e9dico<\/p><\/li><li data-start=\"1543\" data-end=\"1558\"><p data-start=\"1545\" data-end=\"1558\">Plan dental<\/p><\/li><li data-start=\"1559\" data-end=\"1575\"><p data-start=\"1561\" data-end=\"1575\">Salud visual<\/p><\/li><li data-start=\"1576\" data-end=\"1603\"><p data-start=\"1578\" data-end=\"1603\">Orientaci\u00f3n nutricional<\/p><\/li><li data-start=\"1604\" data-end=\"1615\"><p data-start=\"1606\" data-end=\"1615\">Fitness<\/p><\/li><li data-start=\"1616\" data-end=\"1681\"><p data-start=\"1618\" data-end=\"1681\">Terapias alternativas<\/p><\/li><\/ul>\t\t\t\t\t\t\t\t<\/div>\n\t\t\t\t\t<\/div>\n\t\t\t\t<\/div>\n\t\t<div class=\"elementor-element elementor-element-ad5b8ce e-flex e-con-boxed e-con e-parent\" data-id=\"ad5b8ce\" data-element_type=\"container\" data-e-type=\"container\">\n\t\t\t\t\t<div class=\"e-con-inner\">\n\t\t\t\t<div class=\"elementor-element elementor-element-1c481f2 elementor-widget elementor-widget-text-editor\" data-id=\"1c481f2\" data-element_type=\"widget\" data-e-type=\"widget\" data-widget_type=\"text-editor.default\">\n\t\t\t\t\t\t\t\t\t<h3 data-start=\"1698\" data-end=\"1735\">\u00a0Liderar empieza por estar bien<\/h3><p data-start=\"1737\" data-end=\"1807\">Un Capell\u00e1n Global no solo protege a otros.<br data-start=\"1780\" data-end=\"1783\" \/>Se fortalece a s\u00ed mismo.<\/p>\t\t\t\t\t\t\t\t<\/div>\n\t\t\t\t\t<\/div>\n\t\t\t\t<\/div>\n\t\t<div class=\"elementor-element elementor-element-3ba4370 e-flex e-con-boxed e-con e-parent\" data-id=\"3ba4370\" data-element_type=\"container\" data-e-type=\"container\">\n\t\t\t\t\t<div class=\"e-con-inner\">\n\t\t\t\t<div class=\"elementor-element elementor-element-38bff5f elementor-widget elementor-widget-text-editor\" data-id=\"38bff5f\" data-element_type=\"widget\" data-e-type=\"widget\" data-widget_type=\"text-editor.default\">\n\t\t\t\t\t\t\t\t\t<h3 data-start=\"1814\" data-end=\"1854\">CRECIMIENTO Y FORMACI\u00d3N<\/h3><h4 data-start=\"1856\" data-end=\"1897\">\ud83c\udf93 Acceso a capacitaci\u00f3n institucional<\/h4><p data-start=\"1899\" data-end=\"1917\">Seg\u00fan la doctrina:<\/p><ul data-start=\"1919\" data-end=\"2069\"><li data-start=\"1919\" data-end=\"1938\"><p data-start=\"1921\" data-end=\"1938\">Seguridad p\u00fablica<\/p><\/li><li data-start=\"1939\" data-end=\"1957\"><p data-start=\"1941\" data-end=\"1957\">Derechos humanos<\/p><\/li><li data-start=\"1958\" data-end=\"1969\"><p data-start=\"1960\" data-end=\"1969\">Liderazgo<\/p><\/li><li data-start=\"1970\" data-end=\"1986\"><p data-start=\"1972\" data-end=\"1986\">Criminal\u00edstica<\/p><\/li><li data-start=\"1987\" data-end=\"2003\"><p data-start=\"1989\" data-end=\"2003\">Ciberseguridad<\/p><\/li><li data-start=\"2004\" data-end=\"2069\"><p data-start=\"2006\" data-end=\"2069\">Inteligencia policial<\/p><\/li><\/ul>\t\t\t\t\t\t\t\t<\/div>\n\t\t\t\t\t<\/div>\n\t\t\t\t<\/div>\n\t\t<div class=\"elementor-element elementor-element-85b54de e-flex e-con-boxed e-con e-parent\" data-id=\"85b54de\" data-element_type=\"container\" data-e-type=\"container\">\n\t\t\t\t\t<div class=\"e-con-inner\">\n\t\t\t\t<div class=\"elementor-element elementor-element-d4120e2 elementor-widget elementor-widget-text-editor\" data-id=\"d4120e2\" data-element_type=\"widget\" data-e-type=\"widget\" data-widget_type=\"text-editor.default\">\n\t\t\t\t\t\t\t\t\t<h3 data-start=\"2086\" data-end=\"2136\">\ud83c\udf96\ufe0f Formaci\u00f3n que eleva tu nivel de influencia<\/h3><p data-start=\"2138\" data-end=\"2225\">Aqu\u00ed no solo obtienes conocimientos.<br data-start=\"2174\" data-end=\"2177\" \/>Obtienes autoridad y credibilidad institucional.<\/p>\t\t\t\t\t\t\t\t<\/div>\n\t\t\t\t\t<\/div>\n\t\t\t\t<\/div>\n\t\t<div class=\"elementor-element elementor-element-b96a913 e-flex e-con-boxed e-con e-parent\" data-id=\"b96a913\" data-element_type=\"container\" data-e-type=\"container\">\n\t\t\t\t\t<div class=\"e-con-inner\">\n\t\t\t\t<div class=\"elementor-element elementor-element-f6ccadc elementor-widget elementor-widget-text-editor\" data-id=\"f6ccadc\" data-element_type=\"widget\" data-e-type=\"widget\" data-widget_type=\"text-editor.default\">\n\t\t\t\t\t\t\t\t\t<h3 data-start=\"2232\" data-end=\"2273\">PERTENENCIA Y PRESTIGIO<\/h3><h4 data-start=\"2275\" data-end=\"2308\">Ser parte de una red global<\/h4><ul data-start=\"2310\" data-end=\"2442\"><li data-start=\"2310\" data-end=\"2335\"><p data-start=\"2312\" data-end=\"2335\">Identidad institucional<\/p><\/li><li data-start=\"2336\" data-end=\"2358\"><p data-start=\"2338\" data-end=\"2358\">Escalaf\u00f3n de niveles<\/p><\/li><li data-start=\"2359\" data-end=\"2376\"><p data-start=\"2361\" data-end=\"2376\">Reconocimientos<\/p><\/li><li data-start=\"2377\" data-end=\"2442\"><p data-start=\"2379\" data-end=\"2442\">Distintivos oficiales<\/p><\/li><\/ul>\t\t\t\t\t\t\t\t<\/div>\n\t\t\t\t\t<\/div>\n\t\t\t\t<\/div>\n\t\t<div class=\"elementor-element elementor-element-f2db5a9 e-flex e-con-boxed e-con e-parent\" data-id=\"f2db5a9\" data-element_type=\"container\" data-e-type=\"container\">\n\t\t\t\t\t<div class=\"e-con-inner\">\n\t\t\t\t<div class=\"elementor-element elementor-element-d349228 elementor-widget elementor-widget-text-editor\" data-id=\"d349228\" data-element_type=\"widget\" data-e-type=\"widget\" data-widget_type=\"text-editor.default\">\n\t\t\t\t\t\t\t\t\t<h3 data-start=\"2469\" data-end=\"2491\">\ud83d\udee1\ufe0f No caminas solo<\/h3><p data-start=\"2493\" data-end=\"2567\">Perteneces a una estructura que reconoce tu compromiso y eleva tu impacto.<\/p>\t\t\t\t\t\t\t\t<\/div>\n\t\t\t\t\t<\/div>\n\t\t\t\t<\/div>\n\t\t<div class=\"elementor-element elementor-element-3075ac3 e-flex e-con-boxed e-con e-parent\" data-id=\"3075ac3\" data-element_type=\"container\" data-e-type=\"container\">\n\t\t\t\t\t<div class=\"e-con-inner\">\n\t\t\t\t<div class=\"elementor-element elementor-element-b180103 elementor-widget elementor-widget-text-editor\" data-id=\"b180103\" data-element_type=\"widget\" data-e-type=\"widget\" data-widget_type=\"text-editor.default\">\n\t\t\t\t\t\t\t\t\t<h3 data-start=\"2574\" data-end=\"2641\">BENEFICIOS INTANGIBLES\u00a0<\/h3><h4 data-start=\"2643\" data-end=\"2688\">Lo que no puedes comprar sin pertenecer<\/h4><p data-start=\"2690\" data-end=\"2730\">\u2714\ufe0f Autoridad moral e institucional<\/p><p data-start=\"2731\" data-end=\"2761\">\u2714\ufe0f Reconocimiento social<\/p><p data-start=\"2762\" data-end=\"2792\">\u2714\ufe0f Liderazgo comunitario<\/p><p data-start=\"2793\" data-end=\"2816\">\u2714\ufe0f Red de aliados<\/p><p data-start=\"2817\" data-end=\"2846\">\u2714\ufe0f Sentido de prop\u00f3sito<\/p><p data-start=\"2848\" data-end=\"2858\">Basado en:<\/p><ul data-start=\"2860\" data-end=\"2936\"><li data-start=\"2860\" data-end=\"2869\"><p data-start=\"2862\" data-end=\"2869\">Ideario<\/p><\/li><li data-start=\"2870\" data-end=\"2880\"><p data-start=\"2872\" data-end=\"2880\">Dec\u00e1logo<\/p><\/li><li data-start=\"2881\" data-end=\"2936\"><p data-start=\"2883\" data-end=\"2936\">Misi\u00f3n social <button class=\"ms-1 flex h-[25px] text-[10px] leading-[13px] rounded-xl corner-superellipse\/1.1 items-center justify-center gap-1 px-2 relative text-token-text-secondary! hover:text-token-text-primary! hover:bg-token-bg-secondary dark:bg-token-main-surface-secondary dark:hover:bg-token-bg-secondary bg-[#f4f4f4] \"><\/button><\/p><p class=\"not-prose mt-0! mb-0! flex-auto truncate\">1.- IDEOLOGIA DE LA DOCTRINA CAPELLAN\u2026<\/p><\/li><\/ul>\t\t\t\t\t\t\t\t<\/div>\n\t\t\t\t\t<\/div>\n\t\t\t\t<\/div>\n\t\t<div class=\"elementor-element elementor-element-15fcdcf e-flex e-con-boxed e-con e-parent\" data-id=\"15fcdcf\" data-element_type=\"container\" data-e-type=\"container\">\n\t\t\t\t\t<div class=\"e-con-inner\">\n\t\t\t\t<div class=\"elementor-element elementor-element-fe1e3d7 elementor-widget elementor-widget-text-editor\" data-id=\"fe1e3d7\" data-element_type=\"widget\" data-e-type=\"widget\" data-widget_type=\"text-editor.default\">\n\t\t\t\t\t\t\t\t\t<h3 data-start=\"2943\" data-end=\"2988\">PARA QUI\u00c9N ES ESTA MEMBRES\u00cdA<\/h3><h4 data-start=\"2990\" data-end=\"3004\">Dirigido a:<\/h4><ul data-start=\"3006\" data-end=\"3094\"><li data-start=\"3006\" data-end=\"3034\"><p data-start=\"3008\" data-end=\"3034\">Profesionales de seguridad<\/p><\/li><li data-start=\"3035\" data-end=\"3048\"><p data-start=\"3037\" data-end=\"3048\">Rescatistas<\/p><\/li><li data-start=\"3049\" data-end=\"3067\"><p data-start=\"3051\" data-end=\"3067\">L\u00edderes sociales<\/p><\/li><li data-start=\"3068\" data-end=\"3094\"><p data-start=\"3070\" data-end=\"3094\">Ciudadanos comprometidos<\/p><\/li><\/ul>\t\t\t\t\t\t\t\t<\/div>\n\t\t\t\t\t<\/div>\n\t\t\t\t<\/div>\n\t\t<div class=\"elementor-element elementor-element-fb9b63a e-flex e-con-boxed e-con e-parent\" data-id=\"fb9b63a\" data-element_type=\"container\" data-e-type=\"container\">\n\t\t\t\t\t<div class=\"e-con-inner\">\n\t\t\t\t<div class=\"elementor-element elementor-element-48999ae elementor-widget elementor-widget-text-editor\" data-id=\"48999ae\" data-element_type=\"widget\" data-e-type=\"widget\" data-widget_type=\"text-editor.default\">\n\t\t\t\t\t\t\t\t\t<h3>\ud83d\udee1\ufe0f Si sientes el llamado a servir, este es tu lugar.<\/h3>\t\t\t\t\t\t\t\t<\/div>\n\t\t\t\t\t<\/div>\n\t\t\t\t<\/div>\n\t\t<div class=\"elementor-element elementor-element-1accd8b e-flex e-con-boxed e-con e-parent\" data-id=\"1accd8b\" data-element_type=\"container\" data-e-type=\"container\">\n\t\t\t\t\t<div class=\"e-con-inner\">\n\t\t<div class=\"elementor-element elementor-element-cde47c9 e-con-full e-flex e-con e-child\" data-id=\"cde47c9\" data-element_type=\"container\" data-e-type=\"container\">\n\t\t\t\t<div class=\"elementor-element elementor-element-2f24b89 elementor-widget elementor-widget-image\" data-id=\"2f24b89\" data-element_type=\"widget\" data-e-type=\"widget\" data-widget_type=\"image.default\">\n\t\t\t\t\t\t\t\t\t\t\t\t\t\t\t<img decoding=\"async\" width=\"1024\" height=\"701\" src=\"https:\/\/capellanesglobal.com\/wp-content\/uploads\/2026\/03\/freepik__ceremonia-de-reconocimiento-a-policas-uniformados-__69990-1024x701.png\" class=\"attachment-large size-large wp-image-47\" alt=\"\" srcset=\"https:\/\/capellanesglobal.com\/wp-content\/uploads\/2026\/03\/freepik__ceremonia-de-reconocimiento-a-policas-uniformados-__69990-1024x701.png 1024w, https:\/\/capellanesglobal.com\/wp-content\/uploads\/2026\/03\/freepik__ceremonia-de-reconocimiento-a-policas-uniformados-__69990-300x205.png 300w, https:\/\/capellanesglobal.com\/wp-content\/uploads\/2026\/03\/freepik__ceremonia-de-reconocimiento-a-policas-uniformados-__69990-768x525.png 768w, https:\/\/capellanesglobal.com\/wp-content\/uploads\/2026\/03\/freepik__ceremonia-de-reconocimiento-a-policas-uniformados-__69990-1536x1051.png 1536w, https:\/\/capellanesglobal.com\/wp-content\/uploads\/2026\/03\/freepik__ceremonia-de-reconocimiento-a-policas-uniformados-__69990-2048x1401.png 2048w\" sizes=\"(max-width: 1024px) 100vw, 1024px\" \/>\t\t\t\t\t\t\t\t\t\t\t\t\t\t\t<\/div>\n\t\t\t\t<\/div>\n\t\t<div class=\"elementor-element elementor-element-e0f2d95 e-con-full e-flex e-con e-child\" data-id=\"e0f2d95\" data-element_type=\"container\" data-e-type=\"container\">\n\t\t<div class=\"elementor-element elementor-element-bc4fead e-con-full e-flex e-con e-child\" data-id=\"bc4fead\" data-element_type=\"container\" data-e-type=\"container\">\n\t\t\t\t<div class=\"elementor-element elementor-element-29a3fe8 elementor-widget elementor-widget-text-editor\" data-id=\"29a3fe8\" data-element_type=\"widget\" data-e-type=\"widget\" data-widget_type=\"text-editor.default\">\n\t\t\t\t\t\t\t\t\t<h3>AF\u00cdLIATE COMO CAPELL\u00c1N GLOBAL.<\/h3><h5 data-start=\"3336\" data-end=\"3375\">\u26a0\ufe0f Membres\u00edas limitadas por cap\u00edtulo<\/h5><p data-start=\"3377\" data-end=\"3400\">\u00a0<\/p>\t\t\t\t\t\t\t\t<\/div>\n\t\t\t\t<\/div>\n\t\t<div class=\"elementor-element elementor-element-b133925 e-con-full e-flex e-con e-child\" data-id=\"b133925\" data-element_type=\"container\" data-e-type=\"container\">\n\t\t\t\t<div class=\"elementor-element elementor-element-4525b30 elementor-align-center elementor-widget elementor-widget-button\" data-id=\"4525b30\" data-element_type=\"widget\" data-e-type=\"widget\" data-widget_type=\"button.default\">\n\t\t\t\t\t\t\t\t\t\t<a class=\"elementor-button elementor-button-link elementor-size-sm\" href=\"#\">\n\t\t\t\t\t\t<span class=\"elementor-button-content-wrapper\">\n\t\t\t\t\t\t\t\t\t<span class=\"elementor-button-text\">AFIL\u00cdATE<\/span>\n\t\t\t\t\t<\/span>\n\t\t\t\t\t<\/a>\n\t\t\t\t\t\t\t\t<\/div>\n\t\t\t\t<\/div>\n\t\t\t\t<\/div>\n\t\t\t\t\t<\/div>\n\t\t\t\t<\/div>\n\t\t<div class=\"elementor-element elementor-element-ff0d502 e-flex e-con-boxed e-con e-parent\" data-id=\"ff0d502\" data-element_type=\"container\" data-e-type=\"container\">\n\t\t\t\t\t<div class=\"e-con-inner\">\n\t\t\t\t<div class=\"elementor-element elementor-element-f417848 elementor-widget elementor-widget-text-editor\" data-id=\"f417848\" data-element_type=\"widget\" data-e-type=\"widget\" data-widget_type=\"text-editor.default\">\n\t\t\t\t\t\t\t\t\t<h3 data-start=\"3449\" data-end=\"3475\">\ud83d\udee1\ufe0f Capellanes Global<\/h3><h4 data-start=\"3476\" data-end=\"3532\">Una red civil de servicio con impacto internacional.<\/h4>\t\t\t\t\t\t\t\t<\/div>\n\t\t\t\t\t<\/div>\n\t\t\t\t<\/div>\n\t\t\t\t<\/div>\n\t\t","protected":false},"excerpt":{"rendered":"<p>\u201cNo es solo una membres\u00eda. Es pertenecer a una hermandad institucional de servicio y honor.\u201d Acceso a beneficios reales respaldo institucional formaci\u00f3n que transforma tu impacto en la sociedad. BENEFICIOS REALES: Protecci\u00f3n y respaldo para ti y tu familia Basado en el documento: Asistencia funeraria Seguro por muerte accidental Asesor\u00eda jur\u00eddica Orientaci\u00f3n m\u00e9dica Ambulancia por [&hellip;]<\/p>\n","protected":false},"author":1,"featured_media":0,"parent":0,"menu_order":0,"comment_status":"closed","ping_status":"closed","template":"","meta":{"footnotes":""},"class_list":["post-26","page","type-page","status-publish","hentry"],"_links":{"self":[{"href":"https:\/\/capellanesglobal.com\/index.php\/wp-json\/wp\/v2\/pages\/26","targetHints":{"allow":["GET"]}}],"collection":[{"href":"https:\/\/capellanesglobal.com\/index.php\/wp-json\/wp\/v2\/pages"}],"about":[{"href":"https:\/\/capellanesglobal.com\/index.php\/wp-json\/wp\/v2\/types\/page"}],"author":[{"embeddable":true,"href":"https:\/\/capellanesglobal.com\/index.php\/wp-json\/wp\/v2\/users\/1"}],"replies":[{"embeddable":true,"href":"https:\/\/capellanesglobal.com\/index.php\/wp-json\/wp\/v2\/comments?post=26"}],"version-history":[{"count":25,"href":"https:\/\/capellanesglobal.com\/index.php\/wp-json\/wp\/v2\/pages\/26\/revisions"}],"predecessor-version":[{"id":211,"href":"https:\/\/capellanesglobal.com\/index.php\/wp-json\/wp\/v2\/pages\/26\/revisions\/211"}],"wp:attachment":[{"href":"https:\/\/capellanesglobal.com\/index.php\/wp-json\/wp\/v2\/media?parent=26"}],"curies":[{"name":"wp","href":"https:\/\/api.w.org\/{rel}","templated":true}]}}