{"id":30,"date":"2026-03-02T05:06:58","date_gmt":"2026-03-02T05:06:58","guid":{"rendered":"https:\/\/capellanesglobal.com\/?page_id=30"},"modified":"2026-03-04T00:56:36","modified_gmt":"2026-03-04T00:56:36","slug":"afiliacion","status":"publish","type":"page","link":"https:\/\/capellanesglobal.com\/index.php\/afiliacion\/","title":{"rendered":"Afiliaci\u00f3n"},"content":{"rendered":"\t\t<div data-elementor-type=\"wp-page\" data-elementor-id=\"30\" class=\"elementor elementor-30\">\n\t\t\t\t<div class=\"elementor-element elementor-element-6da271a e-flex e-con-boxed e-con e-parent\" data-id=\"6da271a\" data-element_type=\"container\" data-e-type=\"container\">\n\t\t\t\t\t<div class=\"e-con-inner\">\n\t\t\t\t<div class=\"elementor-element elementor-element-6f56f18 elementor-widget elementor-widget-text-editor\" data-id=\"6f56f18\" data-element_type=\"widget\" data-e-type=\"widget\" data-widget_type=\"text-editor.default\">\n\t\t\t\t\t\t\t\t\t<h2>\u00danete a la Red Institucional Capellanes Global<\/h2>\t\t\t\t\t\t\t\t<\/div>\n\t\t\t\t\t<\/div>\n\t\t\t\t<\/div>\n\t\t<div class=\"elementor-element elementor-element-3df5d51 e-flex e-con-boxed e-con e-parent\" data-id=\"3df5d51\" data-element_type=\"container\" data-e-type=\"container\">\n\t\t\t\t\t<div class=\"e-con-inner\">\n\t\t\t\t<div class=\"elementor-element elementor-element-860b744 elementor-widget elementor-widget-image\" data-id=\"860b744\" data-element_type=\"widget\" data-e-type=\"widget\" data-widget_type=\"image.default\">\n\t\t\t\t\t\t\t\t\t\t\t\t\t\t\t<img fetchpriority=\"high\" decoding=\"async\" width=\"1024\" height=\"683\" src=\"https:\/\/capellanesglobal.com\/wp-content\/uploads\/2026\/03\/Mar-2-2026-04_58_04-PM-1024x683.png\" class=\"attachment-large size-large wp-image-120\" alt=\"\" srcset=\"https:\/\/capellanesglobal.com\/wp-content\/uploads\/2026\/03\/Mar-2-2026-04_58_04-PM-1024x683.png 1024w, https:\/\/capellanesglobal.com\/wp-content\/uploads\/2026\/03\/Mar-2-2026-04_58_04-PM-300x200.png 300w, https:\/\/capellanesglobal.com\/wp-content\/uploads\/2026\/03\/Mar-2-2026-04_58_04-PM-768x512.png 768w, https:\/\/capellanesglobal.com\/wp-content\/uploads\/2026\/03\/Mar-2-2026-04_58_04-PM.png 1536w\" sizes=\"(max-width: 1024px) 100vw, 1024px\" \/>\t\t\t\t\t\t\t\t\t\t\t\t\t\t\t<\/div>\n\t\t\t\t\t<\/div>\n\t\t\t\t<\/div>\n\t\t<div class=\"elementor-element elementor-element-16424f5 e-flex e-con-boxed e-con e-parent\" data-id=\"16424f5\" data-element_type=\"container\" data-e-type=\"container\">\n\t\t\t\t\t<div class=\"e-con-inner\">\n\t\t\t\t<div class=\"elementor-element elementor-element-6c5af44 elementor-widget elementor-widget-text-editor\" data-id=\"6c5af44\" data-element_type=\"widget\" data-e-type=\"widget\" data-widget_type=\"text-editor.default\">\n\t\t\t\t\t\t\t\t\t<h3>Capellanes Global re\u00fane a ciudadanos comprometidos, l\u00edderes institucionales y profesionales del servicio que han decidido elevar su impacto social.<\/h3>\t\t\t\t\t\t\t\t<\/div>\n\t\t\t\t\t<\/div>\n\t\t\t\t<\/div>\n\t\t<div class=\"elementor-element elementor-element-63cfe18 e-flex e-con-boxed e-con e-parent\" data-id=\"63cfe18\" data-element_type=\"container\" data-e-type=\"container\">\n\t\t\t\t\t<div class=\"e-con-inner\">\n\t\t\t\t<div class=\"elementor-element elementor-element-fa2ca46 elementor-widget elementor-widget-text-editor\" data-id=\"fa2ca46\" data-element_type=\"widget\" data-e-type=\"widget\" data-widget_type=\"text-editor.default\">\n\t\t\t\t\t\t\t\t\t<h3 data-start=\"928\" data-end=\"970\">\u00bfQU\u00c9 SIGNIFICA AFILIARTE?<\/h3><h4 data-start=\"972\" data-end=\"999\">\ud83d\udee1\ufe0f No es registrarte.<\/h4><p data-start=\"1000\" data-end=\"1038\">Es asumir un compromiso institucional.<\/p><p data-start=\"1040\" data-end=\"1060\">Afiliarte significa:<\/p><ul data-start=\"1062\" data-end=\"1226\"><li data-start=\"1062\" data-end=\"1098\"><p data-start=\"1064\" data-end=\"1098\">Integrarte a una red internacional<\/p><\/li><li data-start=\"1099\" data-end=\"1132\"><p data-start=\"1101\" data-end=\"1132\">Acceder a formaci\u00f3n estrat\u00e9gica<\/p><\/li><li data-start=\"1133\" data-end=\"1165\"><p data-start=\"1135\" data-end=\"1165\">Obtener respaldo institucional<\/p><\/li><li data-start=\"1166\" data-end=\"1226\"><p data-start=\"1168\" data-end=\"1226\">Ser parte de una estructura con escalaf\u00f3n y reconocimiento<\/p><\/li><\/ul>\t\t\t\t\t\t\t\t<\/div>\n\t\t\t\t\t<\/div>\n\t\t\t\t<\/div>\n\t\t<div class=\"elementor-element elementor-element-16c566c e-flex e-con-boxed e-con e-parent\" data-id=\"16c566c\" data-element_type=\"container\" data-e-type=\"container\">\n\t\t\t\t\t<div class=\"e-con-inner\">\n\t\t\t\t<div class=\"elementor-element elementor-element-0e98467 elementor-widget elementor-widget-text-editor\" data-id=\"0e98467\" data-element_type=\"widget\" data-e-type=\"widget\" data-widget_type=\"text-editor.default\">\n\t\t\t\t\t\t\t\t\t<h3>Aqu\u00ed no sumamos miembros.<br data-start=\"1277\" data-end=\"1280\" \/>Formamos referentes.<\/h3>\t\t\t\t\t\t\t\t<\/div>\n\t\t\t\t\t<\/div>\n\t\t\t\t<\/div>\n\t\t<div class=\"elementor-element elementor-element-58d3f57 e-flex e-con-boxed e-con e-parent\" data-id=\"58d3f57\" data-element_type=\"container\" data-e-type=\"container\">\n\t\t\t\t\t<div class=\"e-con-inner\">\n\t\t\t\t<div class=\"elementor-element elementor-element-21647d1 elementor-widget elementor-widget-text-editor\" data-id=\"21647d1\" data-element_type=\"widget\" data-e-type=\"widget\" data-widget_type=\"text-editor.default\">\n\t\t\t\t\t\t\t\t\t<h3 data-start=\"1307\" data-end=\"1350\">\u00bfQUI\u00c9NES PUEDEN AFILIARSE?<\/h3><p data-start=\"1352\" data-end=\"1363\">Dirigido a:<\/p><ul data-start=\"1365\" data-end=\"1519\"><li data-start=\"1365\" data-end=\"1411\"><p data-start=\"1367\" data-end=\"1411\">Profesionales de seguridad p\u00fablica y privada<\/p><\/li><li data-start=\"1412\" data-end=\"1436\"><p data-start=\"1414\" data-end=\"1436\">Bomberos y rescatistas<\/p><\/li><li data-start=\"1437\" data-end=\"1462\"><p data-start=\"1439\" data-end=\"1462\">Personal de emergencias<\/p><\/li><li data-start=\"1463\" data-end=\"1481\"><p data-start=\"1465\" data-end=\"1481\">L\u00edderes sociales<\/p><\/li><li data-start=\"1482\" data-end=\"1519\"><p data-start=\"1484\" data-end=\"1519\">Ciudadanos con vocaci\u00f3n de servicio<\/p><\/li><\/ul><p data-start=\"1521\" data-end=\"1554\">No es excluyente.<br data-start=\"1538\" data-end=\"1541\" \/>Es selectivo.<\/p>\t\t\t\t\t\t\t\t<\/div>\n\t\t\t\t\t<\/div>\n\t\t\t\t<\/div>\n\t\t<div class=\"elementor-element elementor-element-ff60a6e e-flex e-con-boxed e-con e-parent\" data-id=\"ff60a6e\" data-element_type=\"container\" data-e-type=\"container\">\n\t\t\t\t\t<div class=\"e-con-inner\">\n\t\t\t\t<div class=\"elementor-element elementor-element-04fdb51 elementor-widget elementor-widget-text-editor\" data-id=\"04fdb51\" data-element_type=\"widget\" data-e-type=\"widget\" data-widget_type=\"text-editor.default\">\n\t\t\t\t\t\t\t\t\t<h3 data-start=\"1561\" data-end=\"1604\">LOS NIVELES DE AFILIACI\u00d3N<\/h3><h5 data-start=\"1663\" data-end=\"1704\">\ud83e\udd49 Afiliado \u2014 El compromiso inicial<\/h5><h5 data-start=\"1705\" data-end=\"1740\">\ud83e\udd48 Camarada \u2014 Servicio activo<\/h5><h5 data-start=\"1741\" data-end=\"1785\">\ud83e\udd47 Veterano \u2014 Influencia institucional<\/h5><h5 data-start=\"1786\" data-end=\"1827\">\u00a0Experto \u2014 Liderazgo trascendente<\/h5><p data-start=\"1829\" data-end=\"1901\">Cada nivel representa mayor responsabilidad, reconocimiento y autoridad.<\/p>\t\t\t\t\t\t\t\t<\/div>\n\t\t\t\t\t<\/div>\n\t\t\t\t<\/div>\n\t\t<div class=\"elementor-element elementor-element-a2c7572 e-flex e-con-boxed e-con e-parent\" data-id=\"a2c7572\" data-element_type=\"container\" data-e-type=\"container\">\n\t\t\t\t\t<div class=\"e-con-inner\">\n\t\t\t\t<div class=\"elementor-element elementor-element-356b62e elementor-widget elementor-widget-text-editor\" data-id=\"356b62e\" data-element_type=\"widget\" data-e-type=\"widget\" data-widget_type=\"text-editor.default\">\n\t\t\t\t\t\t\t\t\t<h3 data-start=\"1908\" data-end=\"1961\">BENEFICIOS EXCLUSIVOS PARA AFILIADOS<\/h3><p data-start=\"2009\" data-end=\"2040\">Al afiliarte obtienes acceso a:<\/p><ul data-start=\"2042\" data-end=\"2218\"><li data-start=\"2042\" data-end=\"2078\"><p data-start=\"2044\" data-end=\"2078\">Programas de respaldo y protecci\u00f3n<\/p><\/li><li data-start=\"2079\" data-end=\"2104\"><p data-start=\"2081\" data-end=\"2104\">Formaci\u00f3n especializada<\/p><\/li><li data-start=\"2105\" data-end=\"2138\"><p data-start=\"2107\" data-end=\"2138\">Reconocimientos institucionales<\/p><\/li><li data-start=\"2139\" data-end=\"2158\"><p data-start=\"2141\" data-end=\"2158\">Comunidad privada<\/p><\/li><li data-start=\"2159\" data-end=\"2191\"><p data-start=\"2161\" data-end=\"2191\">Eventos y ceremonias oficiales<\/p><\/li><li data-start=\"2192\" data-end=\"2218\"><p data-start=\"2194\" data-end=\"2218\">Proyecci\u00f3n internacional<\/p><\/li><\/ul>\t\t\t\t\t\t\t\t<\/div>\n\t\t\t\t\t<\/div>\n\t\t\t\t<\/div>\n\t\t<div class=\"elementor-element elementor-element-6cb1b6a e-flex e-con-boxed e-con e-parent\" data-id=\"6cb1b6a\" data-element_type=\"container\" data-e-type=\"container\">\n\t\t\t\t\t<div class=\"e-con-inner\">\n\t\t\t\t<div class=\"elementor-element elementor-element-725cdcb elementor-widget elementor-widget-text-editor\" data-id=\"725cdcb\" data-element_type=\"widget\" data-e-type=\"widget\" data-widget_type=\"text-editor.default\">\n\t\t\t\t\t\t\t\t\t<h3>El respaldo no es discurso.<br data-start=\"2273\" data-end=\"2276\" \/>Es estructura.<\/h3>\t\t\t\t\t\t\t\t<\/div>\n\t\t\t\t\t<\/div>\n\t\t\t\t<\/div>\n\t\t<div class=\"elementor-element elementor-element-ffb664c e-flex e-con-boxed e-con e-parent\" data-id=\"ffb664c\" data-element_type=\"container\" data-e-type=\"container\">\n\t\t\t\t\t<div class=\"e-con-inner\">\n\t\t\t\t<div class=\"elementor-element elementor-element-96289ed elementor-widget elementor-widget-text-editor\" data-id=\"96289ed\" data-element_type=\"widget\" data-e-type=\"widget\" data-widget_type=\"text-editor.default\">\n\t\t\t\t\t\t\t\t\t<h3 data-start=\"2297\" data-end=\"2339\">INVERSI\u00d3N EN TU MEMBRES\u00cdA<\/h3><p data-start=\"2341\" data-end=\"2377\">Aqu\u00ed debemos ser claros y elegantes.<\/p><h3 data-start=\"2379\" data-end=\"2405\">\ud83d\udee1\ufe0f Planes de Membres\u00eda<\/h3><h4 data-start=\"2407\" data-end=\"2432\">\ud83e\udd49 Membres\u00eda Afiliado<\/h4><p data-start=\"2433\" data-end=\"2470\">Acceso inicial + certificaci\u00f3n b\u00e1sica<\/p><h4 data-start=\"2472\" data-end=\"2497\">\ud83e\udd48 Membres\u00eda Camarada<\/h4><p data-start=\"2498\" data-end=\"2539\">Formaci\u00f3n avanzada + participaci\u00f3n activa<\/p><h4 data-start=\"2541\" data-end=\"2566\">\ud83e\udd47 Membres\u00eda Veterano<\/h4><p data-start=\"2567\" data-end=\"2603\">Proyecci\u00f3n institucional + liderazgo<\/p><h4 data-start=\"2605\" data-end=\"2629\">Membres\u00eda Experto<\/h4><p data-start=\"2630\" data-end=\"2681\">Reconocimiento m\u00e1ximo + posicionamiento estrat\u00e9gico<\/p>\t\t\t\t\t\t\t\t<\/div>\n\t\t\t\t\t<\/div>\n\t\t\t\t<\/div>\n\t\t<div class=\"elementor-element elementor-element-72cac05 e-flex e-con-boxed e-con e-parent\" data-id=\"72cac05\" data-element_type=\"container\" data-e-type=\"container\">\n\t\t\t\t\t<div class=\"e-con-inner\">\n\t\t\t\t<div class=\"elementor-element elementor-element-bad00c7 elementor-widget elementor-widget-text-editor\" data-id=\"bad00c7\" data-element_type=\"widget\" data-e-type=\"widget\" data-widget_type=\"text-editor.default\">\n\t\t\t\t\t\t\t\t\t<h3 data-start=\"2709\" data-end=\"2760\">No es un gasto.<br data-start=\"2724\" data-end=\"2727\" \/>Es una inversi\u00f3n en tu liderazgo.<\/h3>\t\t\t\t\t\t\t\t<\/div>\n\t\t\t\t\t<\/div>\n\t\t\t\t<\/div>\n\t\t<div class=\"elementor-element elementor-element-c753331 e-flex e-con-boxed e-con e-parent\" data-id=\"c753331\" data-element_type=\"container\" data-e-type=\"container\">\n\t\t\t\t\t<div class=\"e-con-inner\">\n\t\t\t\t<div class=\"elementor-element elementor-element-4621c08 elementor-widget elementor-widget-text-editor\" data-id=\"4621c08\" data-element_type=\"widget\" data-e-type=\"widget\" data-widget_type=\"text-editor.default\">\n\t\t\t\t\t\t\t\t\t<h3 data-start=\"2767\" data-end=\"2805\">PROCESO DE AFILIACI\u00d3N<\/h3><h4 data-start=\"2807\" data-end=\"2832\">Paso 1: Solicitud<\/h4><p data-start=\"2833\" data-end=\"2870\">Completa el formulario institucional.<\/p><h4 data-start=\"2872\" data-end=\"2899\">Paso 2: Evaluaci\u00f3n<\/h4><p data-start=\"2900\" data-end=\"2934\">Validaci\u00f3n de perfil y compromiso.<\/p><h4 data-start=\"2936\" data-end=\"2964\">Paso 3: Investidura<\/h4><p data-start=\"2965\" data-end=\"3009\">Recepci\u00f3n de certificaci\u00f3n y acceso oficial.<\/p>\t\t\t\t\t\t\t\t<\/div>\n\t\t\t\t\t<\/div>\n\t\t\t\t<\/div>\n\t\t<div class=\"elementor-element elementor-element-088599f e-flex e-con-boxed e-con e-parent\" data-id=\"088599f\" data-element_type=\"container\" data-e-type=\"container\">\n\t\t\t\t\t<div class=\"e-con-inner\">\n\t\t<div class=\"elementor-element elementor-element-c4a4931 e-con-full e-flex e-con e-child\" data-id=\"c4a4931\" data-element_type=\"container\" data-e-type=\"container\">\n\t\t\t\t<div class=\"elementor-element elementor-element-28ee1ac elementor-widget elementor-widget-text-editor\" data-id=\"28ee1ac\" data-element_type=\"widget\" data-e-type=\"widget\" data-widget_type=\"text-editor.default\">\n\t\t\t\t\t\t\t\t\t<h3 data-start=\"3062\" data-end=\"3126\">\u26a0\ufe0f Las afiliaciones est\u00e1n sujetas a evaluaci\u00f3n institucional.<\/h3><p data-start=\"3128\" data-end=\"3172\">No buscamos cantidad.<br data-start=\"3149\" data-end=\"3152\" \/>Buscamos compromiso.<\/p><h5 data-start=\"3128\" data-end=\"3172\">INICIAR PROCESO DE AFILIACI\u00d3N<\/h5>\t\t\t\t\t\t\t\t<\/div>\n\t\t\t\t<\/div>\n\t\t<div class=\"elementor-element elementor-element-b3297b3 e-con-full e-flex e-con e-child\" data-id=\"b3297b3\" data-element_type=\"container\" data-e-type=\"container\">\n\t\t\t\t<div class=\"elementor-element elementor-element-aa417d8 elementor-widget elementor-widget-image\" data-id=\"aa417d8\" data-element_type=\"widget\" data-e-type=\"widget\" data-widget_type=\"image.default\">\n\t\t\t\t\t\t\t\t\t\t\t\t\t\t\t<img decoding=\"async\" width=\"1024\" height=\"701\" src=\"https:\/\/capellanesglobal.com\/wp-content\/uploads\/2026\/03\/freepik__ceremonia-de-reconocimiento-a-policas-uniformados-__70011-1024x701.png\" class=\"attachment-large size-large wp-image-121\" alt=\"\" srcset=\"https:\/\/capellanesglobal.com\/wp-content\/uploads\/2026\/03\/freepik__ceremonia-de-reconocimiento-a-policas-uniformados-__70011-1024x701.png 1024w, https:\/\/capellanesglobal.com\/wp-content\/uploads\/2026\/03\/freepik__ceremonia-de-reconocimiento-a-policas-uniformados-__70011-300x205.png 300w, https:\/\/capellanesglobal.com\/wp-content\/uploads\/2026\/03\/freepik__ceremonia-de-reconocimiento-a-policas-uniformados-__70011-768x525.png 768w, https:\/\/capellanesglobal.com\/wp-content\/uploads\/2026\/03\/freepik__ceremonia-de-reconocimiento-a-policas-uniformados-__70011-1536x1051.png 1536w, https:\/\/capellanesglobal.com\/wp-content\/uploads\/2026\/03\/freepik__ceremonia-de-reconocimiento-a-policas-uniformados-__70011-2048x1401.png 2048w\" sizes=\"(max-width: 1024px) 100vw, 1024px\" \/>\t\t\t\t\t\t\t\t\t\t\t\t\t\t\t<\/div>\n\t\t\t\t<\/div>\n\t\t\t\t\t<\/div>\n\t\t\t\t<\/div>\n\t\t<div class=\"elementor-element elementor-element-f4636b1 e-flex e-con-boxed e-con e-parent\" data-id=\"f4636b1\" data-element_type=\"container\" data-e-type=\"container\">\n\t\t\t\t\t<div class=\"e-con-inner\">\n\t\t\t\t<div class=\"elementor-element elementor-element-8a87c8f elementor-align-center elementor-widget elementor-widget-button\" data-id=\"8a87c8f\" data-element_type=\"widget\" data-e-type=\"widget\" data-widget_type=\"button.default\">\n\t\t\t\t\t\t\t\t\t\t<a class=\"elementor-button elementor-button-link elementor-size-sm\" href=\"#\">\n\t\t\t\t\t\t<span class=\"elementor-button-content-wrapper\">\n\t\t\t\t\t\t\t\t\t<span class=\"elementor-button-text\">Click here<\/span>\n\t\t\t\t\t<\/span>\n\t\t\t\t\t<\/a>\n\t\t\t\t\t\t\t\t<\/div>\n\t\t\t\t\t<\/div>\n\t\t\t\t<\/div>\n\t\t<div class=\"elementor-element elementor-element-67bd7ab e-flex e-con-boxed e-con e-parent\" data-id=\"67bd7ab\" data-element_type=\"container\" data-e-type=\"container\">\n\t\t\t\t\t<div class=\"e-con-inner\">\n\t\t\t\t<div class=\"elementor-element elementor-element-8020536 elementor-widget elementor-widget-text-editor\" data-id=\"8020536\" data-element_type=\"widget\" data-e-type=\"widget\" data-widget_type=\"text-editor.default\">\n\t\t\t\t\t\t\t\t\t<h3 data-start=\"3290\" data-end=\"3332\">\ud83d\udee1\ufe0f Hay quienes observan los cambios.<\/h3><p data-start=\"3333\" data-end=\"3359\">Y hay quienes los lideran.<\/p><p data-start=\"3361\" data-end=\"3400\">Capellanes Global es para los segundos.<\/p>\t\t\t\t\t\t\t\t<\/div>\n\t\t\t\t\t<\/div>\n\t\t\t\t<\/div>\n\t\t\t\t<\/div>\n\t\t","protected":false},"excerpt":{"rendered":"<p>\u00danete a la Red Institucional Capellanes Global Capellanes Global re\u00fane a ciudadanos comprometidos, l\u00edderes institucionales y profesionales del servicio que han decidido elevar su impacto social. \u00bfQU\u00c9 SIGNIFICA AFILIARTE? \ud83d\udee1\ufe0f No es registrarte. Es asumir un compromiso institucional. Afiliarte significa: Integrarte a una red internacional Acceder a formaci\u00f3n estrat\u00e9gica Obtener respaldo institucional Ser parte de [&hellip;]<\/p>\n","protected":false},"author":1,"featured_media":0,"parent":0,"menu_order":0,"comment_status":"closed","ping_status":"closed","template":"","meta":{"footnotes":""},"class_list":["post-30","page","type-page","status-publish","hentry"],"_links":{"self":[{"href":"https:\/\/capellanesglobal.com\/index.php\/wp-json\/wp\/v2\/pages\/30","targetHints":{"allow":["GET"]}}],"collection":[{"href":"https:\/\/capellanesglobal.com\/index.php\/wp-json\/wp\/v2\/pages"}],"about":[{"href":"https:\/\/capellanesglobal.com\/index.php\/wp-json\/wp\/v2\/types\/page"}],"author":[{"embeddable":true,"href":"https:\/\/capellanesglobal.com\/index.php\/wp-json\/wp\/v2\/users\/1"}],"replies":[{"embeddable":true,"href":"https:\/\/capellanesglobal.com\/index.php\/wp-json\/wp\/v2\/comments?post=30"}],"version-history":[{"count":28,"href":"https:\/\/capellanesglobal.com\/index.php\/wp-json\/wp\/v2\/pages\/30\/revisions"}],"predecessor-version":[{"id":227,"href":"https:\/\/capellanesglobal.com\/index.php\/wp-json\/wp\/v2\/pages\/30\/revisions\/227"}],"wp:attachment":[{"href":"https:\/\/capellanesglobal.com\/index.php\/wp-json\/wp\/v2\/media?parent=30"}],"curies":[{"name":"wp","href":"https:\/\/api.w.org\/{rel}","templated":true}]}}