{"id":32,"date":"2026-03-02T05:07:08","date_gmt":"2026-03-02T05:07:08","guid":{"rendered":"https:\/\/capellanesglobal.com\/?page_id=32"},"modified":"2026-03-04T00:23:27","modified_gmt":"2026-03-04T00:23:27","slug":"capitulos-globales","status":"publish","type":"page","link":"https:\/\/capellanesglobal.com\/index.php\/capitulos-globales\/","title":{"rendered":"Cap\u00edtulos Globales"},"content":{"rendered":"\t\t<div data-elementor-type=\"wp-page\" data-elementor-id=\"32\" class=\"elementor elementor-32\">\n\t\t\t\t<div class=\"elementor-element elementor-element-2f937c6 e-flex e-con-boxed e-con e-parent\" data-id=\"2f937c6\" data-element_type=\"container\" data-e-type=\"container\">\n\t\t\t\t\t<div class=\"e-con-inner\">\n\t\t\t\t<div class=\"elementor-element elementor-element-37490a0 elementor-widget elementor-widget-text-editor\" data-id=\"37490a0\" data-element_type=\"widget\" data-e-type=\"widget\" data-widget_type=\"text-editor.default\">\n\t\t\t\t\t\t\t\t\t<h2>\u201cDonde exista compromiso, existir\u00e1 un Cap\u00edtulo Capellanes Global.\u201d<\/h2>\t\t\t\t\t\t\t\t<\/div>\n\t\t\t\t\t<\/div>\n\t\t\t\t<\/div>\n\t\t<div class=\"elementor-element elementor-element-19a4b8c e-flex e-con-boxed e-con e-parent\" data-id=\"19a4b8c\" data-element_type=\"container\" data-e-type=\"container\">\n\t\t\t\t\t<div class=\"e-con-inner\">\n\t\t\t\t<div class=\"elementor-element elementor-element-742b8f0 elementor-widget elementor-widget-image\" data-id=\"742b8f0\" data-element_type=\"widget\" data-e-type=\"widget\" data-widget_type=\"image.default\">\n\t\t\t\t\t\t\t\t\t\t\t\t\t\t\t<img fetchpriority=\"high\" decoding=\"async\" width=\"1024\" height=\"683\" src=\"https:\/\/capellanesglobal.com\/wp-content\/uploads\/2026\/03\/ChatGPT-Image-Mar-2-2026-05_40_52-PM-1024x683.png\" class=\"attachment-large size-large wp-image-130\" alt=\"\" srcset=\"https:\/\/capellanesglobal.com\/wp-content\/uploads\/2026\/03\/ChatGPT-Image-Mar-2-2026-05_40_52-PM-1024x683.png 1024w, https:\/\/capellanesglobal.com\/wp-content\/uploads\/2026\/03\/ChatGPT-Image-Mar-2-2026-05_40_52-PM-300x200.png 300w, https:\/\/capellanesglobal.com\/wp-content\/uploads\/2026\/03\/ChatGPT-Image-Mar-2-2026-05_40_52-PM-768x512.png 768w, https:\/\/capellanesglobal.com\/wp-content\/uploads\/2026\/03\/ChatGPT-Image-Mar-2-2026-05_40_52-PM.png 1536w\" sizes=\"(max-width: 1024px) 100vw, 1024px\" \/>\t\t\t\t\t\t\t\t\t\t\t\t\t\t\t<\/div>\n\t\t\t\t\t<\/div>\n\t\t\t\t<\/div>\n\t\t<div class=\"elementor-element elementor-element-7a5787e e-flex e-con-boxed e-con e-parent\" data-id=\"7a5787e\" data-element_type=\"container\" data-e-type=\"container\">\n\t\t\t\t\t<div class=\"e-con-inner\">\n\t\t\t\t<div class=\"elementor-element elementor-element-45968cd elementor-widget elementor-widget-text-editor\" data-id=\"45968cd\" data-element_type=\"widget\" data-e-type=\"widget\" data-widget_type=\"text-editor.default\">\n\t\t\t\t\t\t\t\t\t<h3>Capellanes Global no es local.<br data-start=\"728\" data-end=\"731\" \/>Es una red institucional con proyecci\u00f3n internacional.<\/h3>\t\t\t\t\t\t\t\t<\/div>\n\t\t\t\t\t<\/div>\n\t\t\t\t<\/div>\n\t\t<div class=\"elementor-element elementor-element-ab8bd04 e-flex e-con-boxed e-con e-parent\" data-id=\"ab8bd04\" data-element_type=\"container\" data-e-type=\"container\">\n\t\t\t\t\t<div class=\"e-con-inner\">\n\t\t\t\t<div class=\"elementor-element elementor-element-45840bd elementor-widget elementor-widget-text-editor\" data-id=\"45840bd\" data-element_type=\"widget\" data-e-type=\"widget\" data-widget_type=\"text-editor.default\">\n\t\t\t\t\t\t\t\t\t<h3 data-start=\"876\" data-end=\"920\">\u00bfQU\u00c9 ES UN CAP\u00cdTULO GLOBAL?<\/h3><h4 data-start=\"922\" data-end=\"996\">\ud83c\udfdb\ufe0f Una representaci\u00f3n oficial de Capellanes Global en cada territorio.<\/h4><p data-start=\"998\" data-end=\"1013\">Un Cap\u00edtulo es:<\/p><ul data-start=\"1015\" data-end=\"1137\"><li data-start=\"1015\" data-end=\"1046\"><p data-start=\"1017\" data-end=\"1046\">Estructura organizativa local<\/p><\/li><li data-start=\"1047\" data-end=\"1073\"><p data-start=\"1049\" data-end=\"1073\">Coordinaci\u00f3n de miembros<\/p><\/li><li data-start=\"1074\" data-end=\"1104\"><p data-start=\"1076\" data-end=\"1104\">Representaci\u00f3n institucional<\/p><\/li><li data-start=\"1105\" data-end=\"1137\"><p data-start=\"1107\" data-end=\"1137\">Centro de formaci\u00f3n y servicio<\/p><\/li><\/ul>\t\t\t\t\t\t\t\t<\/div>\n\t\t\t\t\t<\/div>\n\t\t\t\t<\/div>\n\t\t<div class=\"elementor-element elementor-element-1d39906 e-flex e-con-boxed e-con e-parent\" data-id=\"1d39906\" data-element_type=\"container\" data-e-type=\"container\">\n\t\t\t\t\t<div class=\"e-con-inner\">\n\t\t\t\t<div class=\"elementor-element elementor-element-ba52eb7 elementor-widget elementor-widget-text-editor\" data-id=\"ba52eb7\" data-element_type=\"widget\" data-e-type=\"widget\" data-widget_type=\"text-editor.default\">\n\t\t\t\t\t\t\t\t\t<h2>No se trata de tener presencia.<br data-start=\"1194\" data-end=\"1197\" \/>Se trata de tener liderazgo organizado.<\/h2>\t\t\t\t\t\t\t\t<\/div>\n\t\t\t\t\t<\/div>\n\t\t\t\t<\/div>\n\t\t<div class=\"elementor-element elementor-element-fdc2b93 e-flex e-con-boxed e-con e-parent\" data-id=\"fdc2b93\" data-element_type=\"container\" data-e-type=\"container\">\n\t\t\t\t\t<div class=\"e-con-inner\">\n\t\t\t\t<div class=\"elementor-element elementor-element-5483500 elementor-widget elementor-widget-text-editor\" data-id=\"5483500\" data-element_type=\"widget\" data-e-type=\"widget\" data-widget_type=\"text-editor.default\">\n\t\t\t\t\t\t\t\t\t<h3 data-start=\"1243\" data-end=\"1293\">MODELO DE EXPANSI\u00d3N INTERNACIONAL<\/h3><p data-start=\"1295\" data-end=\"1371\">Capellanes Global opera bajo un modelo de cap\u00edtulos nacionales y regionales.<\/p><p data-start=\"1373\" data-end=\"1387\">Cada cap\u00edtulo:<\/p><ul data-start=\"1389\" data-end=\"1539\"><li data-start=\"1389\" data-end=\"1423\"><p data-start=\"1391\" data-end=\"1423\">Cuenta con coordinador designado<\/p><\/li><li data-start=\"1424\" data-end=\"1465\"><p data-start=\"1426\" data-end=\"1465\">Opera bajo lineamientos institucionales<\/p><\/li><li data-start=\"1466\" data-end=\"1505\"><p data-start=\"1468\" data-end=\"1505\">Mantiene identidad visual y doctrinal<\/p><\/li><li data-start=\"1506\" data-end=\"1539\"><p data-start=\"1508\" data-end=\"1539\">Reporta a la estructura central<\/p><\/li><\/ul>\t\t\t\t\t\t\t\t<\/div>\n\t\t\t\t\t<\/div>\n\t\t\t\t<\/div>\n\t\t<div class=\"elementor-element elementor-element-35f45b2 e-flex e-con-boxed e-con e-parent\" data-id=\"35f45b2\" data-element_type=\"container\" data-e-type=\"container\">\n\t\t\t\t\t<div class=\"e-con-inner\">\n\t\t\t\t<div class=\"elementor-element elementor-element-ae0085b elementor-widget elementor-widget-text-editor\" data-id=\"ae0085b\" data-element_type=\"widget\" data-e-type=\"widget\" data-widget_type=\"text-editor.default\">\n\t\t\t\t\t\t\t\t\t<h3>Disciplina global.<br data-start=\"1585\" data-end=\"1588\" \/>Ejecuci\u00f3n local.<\/h3>\t\t\t\t\t\t\t\t<\/div>\n\t\t\t\t\t<\/div>\n\t\t\t\t<\/div>\n\t\t<div class=\"elementor-element elementor-element-3ef9b58 e-flex e-con-boxed e-con e-parent\" data-id=\"3ef9b58\" data-element_type=\"container\" data-e-type=\"container\">\n\t\t\t\t\t<div class=\"e-con-inner\">\n\t\t\t\t<div class=\"elementor-element elementor-element-d8b7bd9 elementor-widget elementor-widget-text-editor\" data-id=\"d8b7bd9\" data-element_type=\"widget\" data-e-type=\"widget\" data-widget_type=\"text-editor.default\">\n\t\t\t\t\t\t\t\t\t<h3 data-start=\"1611\" data-end=\"1662\">\ud83d\udee1\ufe0f\u00bfQUI\u00c9N PUEDE LIDERAR UN CAP\u00cdTULO?<\/h3><p data-start=\"1664\" data-end=\"1702\">Esta es clave para conversi\u00f3n premium.<\/p><p data-start=\"1704\" data-end=\"1722\">Podr\u00e1n postularse:<\/p><ul data-start=\"1724\" data-end=\"1821\"><li data-start=\"1724\" data-end=\"1746\"><p data-start=\"1726\" data-end=\"1746\">Capellanes Veteranos<\/p><\/li><li data-start=\"1747\" data-end=\"1768\"><p data-start=\"1749\" data-end=\"1768\">Capellanes Expertos<\/p><\/li><li data-start=\"1769\" data-end=\"1821\"><p data-start=\"1771\" data-end=\"1821\">L\u00edderes institucionales con trayectoria comprobada<\/p><\/li><\/ul>\t\t\t\t\t\t\t\t<\/div>\n\t\t\t\t\t<\/div>\n\t\t\t\t<\/div>\n\t\t<div class=\"elementor-element elementor-element-abe0a1c e-flex e-con-boxed e-con e-parent\" data-id=\"abe0a1c\" data-element_type=\"container\" data-e-type=\"container\">\n\t\t\t\t\t<div class=\"e-con-inner\">\n\t\t<div class=\"elementor-element elementor-element-b35ba4e e-con-full e-flex e-con e-child\" data-id=\"b35ba4e\" data-element_type=\"container\" data-e-type=\"container\">\n\t\t\t\t<div class=\"elementor-element elementor-element-9398ac9 elementor-widget elementor-widget-text-editor\" data-id=\"9398ac9\" data-element_type=\"widget\" data-e-type=\"widget\" data-widget_type=\"text-editor.default\">\n\t\t\t\t\t\t\t\t\t<h3>No buscamos representantes.<br data-start=\"1877\" data-end=\"1880\" \/>Buscamos referentes.<\/h3>\t\t\t\t\t\t\t\t<\/div>\n\t\t\t\t<\/div>\n\t\t<div class=\"elementor-element elementor-element-9332f0b e-con-full e-flex e-con e-child\" data-id=\"9332f0b\" data-element_type=\"container\" data-e-type=\"container\">\n\t\t\t\t<div class=\"elementor-element elementor-element-1691b06 elementor-widget elementor-widget-image\" data-id=\"1691b06\" data-element_type=\"widget\" data-e-type=\"widget\" data-widget_type=\"image.default\">\n\t\t\t\t\t\t\t\t\t\t\t\t\t\t\t<img decoding=\"async\" width=\"1024\" height=\"683\" src=\"https:\/\/capellanesglobal.com\/wp-content\/uploads\/2026\/03\/freepik__ceremonia-de-reconocimiento-a-policas-uniformados-__70013-1024x683.png\" class=\"attachment-large size-large wp-image-131\" alt=\"\" srcset=\"https:\/\/capellanesglobal.com\/wp-content\/uploads\/2026\/03\/freepik__ceremonia-de-reconocimiento-a-policas-uniformados-__70013-1024x683.png 1024w, https:\/\/capellanesglobal.com\/wp-content\/uploads\/2026\/03\/freepik__ceremonia-de-reconocimiento-a-policas-uniformados-__70013-300x200.png 300w, https:\/\/capellanesglobal.com\/wp-content\/uploads\/2026\/03\/freepik__ceremonia-de-reconocimiento-a-policas-uniformados-__70013-768x512.png 768w, https:\/\/capellanesglobal.com\/wp-content\/uploads\/2026\/03\/freepik__ceremonia-de-reconocimiento-a-policas-uniformados-__70013.png 1248w\" sizes=\"(max-width: 1024px) 100vw, 1024px\" \/>\t\t\t\t\t\t\t\t\t\t\t\t\t\t\t<\/div>\n\t\t\t\t<\/div>\n\t\t\t\t\t<\/div>\n\t\t\t\t<\/div>\n\t\t<div class=\"elementor-element elementor-element-156faf4 e-flex e-con-boxed e-con e-parent\" data-id=\"156faf4\" data-element_type=\"container\" data-e-type=\"container\">\n\t\t\t\t\t<div class=\"e-con-inner\">\n\t\t\t\t<div class=\"elementor-element elementor-element-d9f0bcc elementor-widget elementor-widget-text-editor\" data-id=\"d9f0bcc\" data-element_type=\"widget\" data-e-type=\"widget\" data-widget_type=\"text-editor.default\">\n\t\t\t\t\t\t\t\t\t<h3 data-start=\"1907\" data-end=\"1955\">BENEFICIOS DE ABRIR UN CAP\u00cdTULO<\/h3><p data-start=\"1957\" data-end=\"1978\">Aqu\u00ed vendemos grande.<\/p><p data-start=\"1980\" data-end=\"2012\">Al liderar un Cap\u00edtulo obtienes:<\/p><ul data-start=\"2014\" data-end=\"2179\"><li data-start=\"2014\" data-end=\"2058\"><p data-start=\"2016\" data-end=\"2058\">Reconocimiento institucional internacional<\/p><\/li><li data-start=\"2059\" data-end=\"2082\"><p data-start=\"2061\" data-end=\"2082\">Autoridad territorial<\/p><\/li><li data-start=\"2083\" data-end=\"2125\"><p data-start=\"2085\" data-end=\"2125\">Participaci\u00f3n en decisiones estrat\u00e9gicas<\/p><\/li><li data-start=\"2126\" data-end=\"2158\"><p data-start=\"2128\" data-end=\"2158\">Acceso prioritario a programas<\/p><\/li><li data-start=\"2159\" data-end=\"2179\"><p data-start=\"2161\" data-end=\"2179\">Proyecci\u00f3n p\u00fablica<\/p><\/li><\/ul>\t\t\t\t\t\t\t\t<\/div>\n\t\t\t\t\t<\/div>\n\t\t\t\t<\/div>\n\t\t<div class=\"elementor-element elementor-element-406ffe8 e-flex e-con-boxed e-con e-parent\" data-id=\"406ffe8\" data-element_type=\"container\" data-e-type=\"container\">\n\t\t\t\t\t<div class=\"e-con-inner\">\n\t\t\t\t<div class=\"elementor-element elementor-element-d0c8d89 elementor-widget elementor-widget-text-editor\" data-id=\"d0c8d89\" data-element_type=\"widget\" data-e-type=\"widget\" data-widget_type=\"text-editor.default\">\n\t\t\t\t\t\t\t\t\t<h3>Liderar un Cap\u00edtulo no es tener un cargo.<br data-start=\"2248\" data-end=\"2251\" \/>Es asumir una responsabilidad hist\u00f3rica.<\/h3>\t\t\t\t\t\t\t\t<\/div>\n\t\t\t\t\t<\/div>\n\t\t\t\t<\/div>\n\t\t<div class=\"elementor-element elementor-element-705d3fc e-flex e-con-boxed e-con e-parent\" data-id=\"705d3fc\" data-element_type=\"container\" data-e-type=\"container\">\n\t\t\t\t\t<div class=\"e-con-inner\">\n\t\t\t\t<div class=\"elementor-element elementor-element-0d39078 elementor-widget elementor-widget-text-editor\" data-id=\"0d39078\" data-element_type=\"widget\" data-e-type=\"widget\" data-widget_type=\"text-editor.default\">\n\t\t\t\t\t\t\t\t\t<h3 data-start=\"2298\" data-end=\"2336\">IMPACTO INTERNACIONAL<\/h3><p data-start=\"2338\" data-end=\"2365\">Un Cap\u00edtulo Global permite:<\/p><ul data-start=\"2367\" data-end=\"2504\"><li data-start=\"2367\" data-end=\"2402\"><p data-start=\"2369\" data-end=\"2402\">Organizar eventos institucionales<\/p><\/li><li data-start=\"2403\" data-end=\"2439\"><p data-start=\"2405\" data-end=\"2439\">Entregar reconocimientos oficiales<\/p><\/li><li data-start=\"2440\" data-end=\"2469\"><p data-start=\"2442\" data-end=\"2469\">Desarrollar formaci\u00f3n local<\/p><\/li><li data-start=\"2470\" data-end=\"2504\"><p data-start=\"2472\" data-end=\"2504\">Crear alianzas con instituciones<\/p><\/li><\/ul>\t\t\t\t\t\t\t\t<\/div>\n\t\t\t\t\t<\/div>\n\t\t\t\t<\/div>\n\t\t<div class=\"elementor-element elementor-element-2622eba e-flex e-con-boxed e-con e-parent\" data-id=\"2622eba\" data-element_type=\"container\" data-e-type=\"container\">\n\t\t\t\t\t<div class=\"e-con-inner\">\n\t\t\t\t<div class=\"elementor-element elementor-element-ad6310e elementor-widget elementor-widget-text-editor\" data-id=\"ad6310e\" data-element_type=\"widget\" data-e-type=\"widget\" data-widget_type=\"text-editor.default\">\n\t\t\t\t\t\t\t\t\t<h3>La influencia no se impone.<br data-start=\"2557\" data-end=\"2560\" \/>Se construye con estructura.<\/h3>\t\t\t\t\t\t\t\t<\/div>\n\t\t\t\t\t<\/div>\n\t\t\t\t<\/div>\n\t\t<div class=\"elementor-element elementor-element-6626979 e-flex e-con-boxed e-con e-parent\" data-id=\"6626979\" data-element_type=\"container\" data-e-type=\"container\">\n\t\t\t\t\t<div class=\"e-con-inner\">\n\t\t\t\t<div class=\"elementor-element elementor-element-5820360 elementor-widget elementor-widget-text-editor\" data-id=\"5820360\" data-element_type=\"widget\" data-e-type=\"widget\" data-widget_type=\"text-editor.default\">\n\t\t\t\t\t\t\t\t\t<h3 data-start=\"2595\" data-end=\"2649\">REQUISITOS PARA SOLICITAR UN CAP\u00cdTULO<\/h3><ul data-start=\"2651\" data-end=\"2782\"><li data-start=\"2651\" data-end=\"2670\"><p data-start=\"2653\" data-end=\"2670\">Afiliaci\u00f3n activa<\/p><\/li><li data-start=\"2671\" data-end=\"2706\"><p data-start=\"2673\" data-end=\"2706\">Nivel m\u00ednimo (definir estrategia)<\/p><\/li><li data-start=\"2707\" data-end=\"2739\"><p data-start=\"2709\" data-end=\"2739\">Plan de desarrollo territorial<\/p><\/li><li data-start=\"2740\" data-end=\"2782\"><p data-start=\"2742\" data-end=\"2782\">Compromiso con la doctrina institucional<\/p><\/li><\/ul>\t\t\t\t\t\t\t\t<\/div>\n\t\t\t\t\t<\/div>\n\t\t\t\t<\/div>\n\t\t<div class=\"elementor-element elementor-element-96e242c e-flex e-con-boxed e-con e-parent\" data-id=\"96e242c\" data-element_type=\"container\" data-e-type=\"container\">\n\t\t\t\t\t<div class=\"e-con-inner\">\n\t\t<div class=\"elementor-element elementor-element-52a4339 e-con-full e-flex e-con e-child\" data-id=\"52a4339\" data-element_type=\"container\" data-e-type=\"container\">\n\t\t\t\t<div class=\"elementor-element elementor-element-7904b47 elementor-widget elementor-widget-text-editor\" data-id=\"7904b47\" data-element_type=\"widget\" data-e-type=\"widget\" data-widget_type=\"text-editor.default\">\n\t\t\t\t\t\t\t\t\t<h3 data-start=\"2817\" data-end=\"2854\">\u00bfTu pa\u00eds a\u00fan no tiene Cap\u00edtulo?<\/h3><p data-start=\"2856\" data-end=\"2879\">Esta es tu oportunidad.<\/p><h5 data-start=\"2856\" data-end=\"2879\">POSTULARME COMO L\u00cdDER DE CAP\u00cdTULO<\/h5><div>\u00a0<\/div><div>\u00a0<\/div>\t\t\t\t\t\t\t\t<\/div>\n\t\t\t\t<\/div>\n\t\t<div class=\"elementor-element elementor-element-54fce5e e-con-full e-flex e-con e-child\" data-id=\"54fce5e\" data-element_type=\"container\" data-e-type=\"container\">\n\t\t\t\t<div class=\"elementor-element elementor-element-be13c15 elementor-widget elementor-widget-image\" data-id=\"be13c15\" data-element_type=\"widget\" data-e-type=\"widget\" data-widget_type=\"image.default\">\n\t\t\t\t\t\t\t\t\t\t\t\t\t\t\t<img decoding=\"async\" width=\"1024\" height=\"701\" src=\"https:\/\/capellanesglobal.com\/wp-content\/uploads\/2026\/03\/freepik__ceremonia-de-reconocimiento-a-policas-uniformados-__70012-1024x701.png\" class=\"attachment-large size-large wp-image-129\" alt=\"\" srcset=\"https:\/\/capellanesglobal.com\/wp-content\/uploads\/2026\/03\/freepik__ceremonia-de-reconocimiento-a-policas-uniformados-__70012-1024x701.png 1024w, https:\/\/capellanesglobal.com\/wp-content\/uploads\/2026\/03\/freepik__ceremonia-de-reconocimiento-a-policas-uniformados-__70012-300x205.png 300w, https:\/\/capellanesglobal.com\/wp-content\/uploads\/2026\/03\/freepik__ceremonia-de-reconocimiento-a-policas-uniformados-__70012-768x525.png 768w, https:\/\/capellanesglobal.com\/wp-content\/uploads\/2026\/03\/freepik__ceremonia-de-reconocimiento-a-policas-uniformados-__70012-1536x1051.png 1536w, https:\/\/capellanesglobal.com\/wp-content\/uploads\/2026\/03\/freepik__ceremonia-de-reconocimiento-a-policas-uniformados-__70012-2048x1401.png 2048w\" sizes=\"(max-width: 1024px) 100vw, 1024px\" \/>\t\t\t\t\t\t\t\t\t\t\t\t\t\t\t<\/div>\n\t\t\t\t<\/div>\n\t\t\t\t\t<\/div>\n\t\t\t\t<\/div>\n\t\t<div class=\"elementor-element elementor-element-4317bd4 e-flex e-con-boxed e-con e-parent\" data-id=\"4317bd4\" data-element_type=\"container\" data-e-type=\"container\">\n\t\t\t\t\t<div class=\"e-con-inner\">\n\t\t\t\t<div class=\"elementor-element elementor-element-ae20ffc elementor-align-center elementor-widget elementor-widget-button\" data-id=\"ae20ffc\" data-element_type=\"widget\" data-e-type=\"widget\" data-widget_type=\"button.default\">\n\t\t\t\t\t\t\t\t\t\t<a class=\"elementor-button elementor-button-link elementor-size-sm\" href=\"#\">\n\t\t\t\t\t\t<span class=\"elementor-button-content-wrapper\">\n\t\t\t\t\t\t\t\t\t<span class=\"elementor-button-text\">Click here<\/span>\n\t\t\t\t\t<\/span>\n\t\t\t\t\t<\/a>\n\t\t\t\t\t\t\t\t<\/div>\n\t\t\t\t\t<\/div>\n\t\t\t\t<\/div>\n\t\t<div class=\"elementor-element elementor-element-e9d9573 e-flex e-con-boxed e-con e-parent\" data-id=\"e9d9573\" data-element_type=\"container\" data-e-type=\"container\">\n\t\t\t\t\t<div class=\"e-con-inner\">\n\t\t\t\t<div class=\"elementor-element elementor-element-5aa7ed6 elementor-widget elementor-widget-text-editor\" data-id=\"5aa7ed6\" data-element_type=\"widget\" data-e-type=\"widget\" data-widget_type=\"text-editor.default\">\n\t\t\t\t\t\t\t\t\t<h3 data-start=\"2969\" data-end=\"3003\">AFILIARME PARA INICIAR MI CAMINO<\/h3>\t\t\t\t\t\t\t\t<\/div>\n\t\t\t\t\t<\/div>\n\t\t\t\t<\/div>\n\t\t<div class=\"elementor-element elementor-element-0adfc25 e-flex e-con-boxed e-con e-parent\" data-id=\"0adfc25\" data-element_type=\"container\" data-e-type=\"container\">\n\t\t\t\t\t<div class=\"e-con-inner\">\n\t\t\t\t<div class=\"elementor-element elementor-element-28efd61 elementor-widget elementor-widget-text-editor\" data-id=\"28efd61\" data-element_type=\"widget\" data-e-type=\"widget\" data-widget_type=\"text-editor.default\">\n\t\t\t\t\t\t\t\t\t<h3 data-start=\"3051\" data-end=\"3102\">\ud83d\udee1\ufe0f Capellanes Global no crece por casualidad.<\/h3><p data-start=\"3103\" data-end=\"3124\">Crece por convicci\u00f3n.<\/p><p data-start=\"3126\" data-end=\"3181\">Cada cap\u00edtulo es una extensi\u00f3n del honor institucional.<\/p><p data-start=\"3126\" data-end=\"3181\">Afiliate para conocer nuestro modelo &#8220;MODELO DE GOBERNANZA INTERNACIONAL&#8221;<\/p><p data-start=\"3126\" data-end=\"3181\">\u00a0<\/p>\t\t\t\t\t\t\t\t<\/div>\n\t\t\t\t\t<\/div>\n\t\t\t\t<\/div>\n\t\t\t\t<\/div>\n\t\t","protected":false},"excerpt":{"rendered":"<p>\u201cDonde exista compromiso, existir\u00e1 un Cap\u00edtulo Capellanes Global.\u201d Capellanes Global no es local.Es una red institucional con proyecci\u00f3n internacional. \u00bfQU\u00c9 ES UN CAP\u00cdTULO GLOBAL? \ud83c\udfdb\ufe0f Una representaci\u00f3n oficial de Capellanes Global en cada territorio. Un Cap\u00edtulo es: Estructura organizativa local Coordinaci\u00f3n de miembros Representaci\u00f3n institucional Centro de formaci\u00f3n y servicio No se trata de tener [&hellip;]<\/p>\n","protected":false},"author":1,"featured_media":0,"parent":0,"menu_order":0,"comment_status":"closed","ping_status":"closed","template":"","meta":{"footnotes":""},"class_list":["post-32","page","type-page","status-publish","hentry"],"_links":{"self":[{"href":"https:\/\/capellanesglobal.com\/index.php\/wp-json\/wp\/v2\/pages\/32","targetHints":{"allow":["GET"]}}],"collection":[{"href":"https:\/\/capellanesglobal.com\/index.php\/wp-json\/wp\/v2\/pages"}],"about":[{"href":"https:\/\/capellanesglobal.com\/index.php\/wp-json\/wp\/v2\/types\/page"}],"author":[{"embeddable":true,"href":"https:\/\/capellanesglobal.com\/index.php\/wp-json\/wp\/v2\/users\/1"}],"replies":[{"embeddable":true,"href":"https:\/\/capellanesglobal.com\/index.php\/wp-json\/wp\/v2\/comments?post=32"}],"version-history":[{"count":10,"href":"https:\/\/capellanesglobal.com\/index.php\/wp-json\/wp\/v2\/pages\/32\/revisions"}],"predecessor-version":[{"id":217,"href":"https:\/\/capellanesglobal.com\/index.php\/wp-json\/wp\/v2\/pages\/32\/revisions\/217"}],"wp:attachment":[{"href":"https:\/\/capellanesglobal.com\/index.php\/wp-json\/wp\/v2\/media?parent=32"}],"curies":[{"name":"wp","href":"https:\/\/api.w.org\/{rel}","templated":true}]}}